{"id":12092,"date":"2020-09-11T12:11:20","date_gmt":"2020-09-11T10:11:20","guid":{"rendered":"https:\/\/alibaz.es\/alibaz-copy\/"},"modified":"2021-01-25T23:19:30","modified_gmt":"2021-01-25T22:19:30","slug":"engagement","status":"publish","type":"page","link":"https:\/\/alibaz.es\/de\/engagement\/","title":{"rendered":"Engagement"},"content":{"rendered":"<div class=\"wpb-content-wrapper\"><p>[vc_section content_placement=&#8220;middle&#8220; css=&#8220;.vc_custom_1602254727608{margin-bottom: 0px !important;border-bottom-width: 0px !important;padding-bottom: 0px !important;background-color: #151515 !important;}&#8220;][vc_row equal_height=&#8220;yes&#8220; content_placement=&#8220;middle&#8220; css=&#8220;.vc_custom_1601897569999{padding-top: 80px !important;}&#8220;][vc_column width=&#8220;2\/5&#8243;][vc_column_text]<\/p>\n<h2><span style=\"color: #cccccc;\">QUALIT\u00c4T<\/span><\/h2>\n<p><span style=\"color: #cccccc;\">Wir achten bei jedem Schritt auf Qualit\u00e4t, bei jedem Detail, bei allem, was man sieht und was man nicht sieht.<\/span><\/p>\n<p><span style=\"color: #cccccc;\">Durch die Weiterbildung und Motivierung unserer Mitarbeiter und eine strenge Einhaltung unserer Ausf\u00fchrungs- und Managementprotokolle garantieren wir den Erhalt unserer ISO-Zertifizierung 9001.<\/span><\/p>\n<p><span style=\"color: #cccccc;\">Unser Hauptziel: h\u00f6chste Kundenzufriedenheit.<\/span><\/p>\n<p>[\/vc_column_text][\/vc_column][vc_column width=&#8220;3\/5&#8243;][vc_row_inner][vc_column_inner width=&#8220;1\/2&#8243;]<div  class=\"wpb_content_element   clearfix\"><style type=\"text\/css\">#ut_am_69dbd9076d115 { opacity: 1; }#ut_am_wrap_69dbd9076d116 .ut-image-gallery-item-caption-title h3 { letter-spacing: 0em; }#ut_am_wrap_69dbd9076d116 .ut-gallery-slider-caption { font-weight: bold; }#ut_am_wrap_69dbd9076d116 { text-align: left; }@media (min-width: 768px) and (max-width: 1024px) { #ut_am_wrap_69dbd9076d116 { text-align: left !important; } }@media (max-width: 767px) { #ut_am_wrap_69dbd9076d116 { text-align: center !important; } }<\/style><div id=\"ut_am_wrap_69dbd9076d116\" class=\"ut-image-gallery-image \"><div id=\"ut_reveal_69dbd9076d117\"  data-appear-top-offset=\"auto\" class=\"ut-animated-image-item ut-image-gallery-item ut-animation-done \"><a class=\"ut-deactivated-link\" href=\"#\"><div class=\"ut-animated-image-zoom\"><img loading=\"lazy\" decoding=\"async\" class=\"ut-lazy skip-lazy ut-animated-image \"  id=\"ut_am_69dbd9076d115\" src=\"data:image\/svg+xml;charset=utf-8,%3Csvg xmlns%3D'http%3A%2F%2Fwww.w3.org%2F2000%2Fsvg' viewBox%3D'0 0 867 867'%2F%3E\" data-src=\"https:\/\/alibaz.es\/wp-content\/uploads\/2020\/10\/logos-calidad.jpg\" width=\"867\" height=\"867\" alt=\"\"\/><\/div><\/a><\/div><\/div><\/div>[\/vc_column_inner][vc_column_inner width=&#8220;1\/2&#8243;]<div  class=\"wpb_content_element   clearfix\"><style type=\"text\/css\">#ut_am_69dbd9076d5f0 { opacity: 1; }#ut_am_wrap_69dbd9076d5f1 .ut-image-gallery-item-caption-title h3 { letter-spacing: 0em; }#ut_am_wrap_69dbd9076d5f1 .ut-gallery-slider-caption { font-weight: bold; }#ut_am_wrap_69dbd9076d5f1 { text-align: left; }@media (min-width: 768px) and (max-width: 1024px) { #ut_am_wrap_69dbd9076d5f1 { text-align: left !important; } }@media (max-width: 767px) { #ut_am_wrap_69dbd9076d5f1 { text-align: center !important; } }<\/style><div id=\"ut_am_wrap_69dbd9076d5f1\" class=\"ut-image-gallery-image \"><div id=\"ut_reveal_69dbd9076d5f2\"  data-appear-top-offset=\"auto\" class=\"ut-animated-image-item ut-image-gallery-item ut-animation-done \"><a class=\"ut-deactivated-link\" href=\"#\"><div class=\"ut-animated-image-zoom\"><img loading=\"lazy\" decoding=\"async\" class=\"ut-lazy skip-lazy ut-animated-image \"  id=\"ut_am_69dbd9076d5f0\" src=\"data:image\/svg+xml;charset=utf-8,%3Csvg xmlns%3D'http%3A%2F%2Fwww.w3.org%2F2000%2Fsvg' viewBox%3D'0 0 867 867'%2F%3E\" data-src=\"https:\/\/alibaz.es\/wp-content\/uploads\/2020\/10\/compromiso-calidad.jpg\" width=\"867\" height=\"867\" alt=\"\"\/><\/div><\/a><\/div><\/div><\/div>[\/vc_column_inner][\/vc_row_inner][\/vc_column][\/vc_row][vc_row equal_height=&#8220;yes&#8220; content_placement=&#8220;middle&#8220; css=&#8220;.vc_custom_1602254021205{background-color: #151515 !important;}&#8220;][vc_column width=&#8220;2\/5&#8243;][vc_column_text]<\/p>\n<h2><span style=\"color: #cccccc;\">UMWELTSCHUTZ<\/span><\/h2>\n<p><span style=\"color: #cccccc;\">Die Bedeutung des Umweltschutzes kann nicht geleugnet werden.<\/span><\/p>\n<p><span style=\"color: #cccccc;\">Wir verf\u00fcgen \u00fcber die ISO-Zertifizierung 14001, denn wir engagieren uns f\u00fcr Umweltschutz und achten bei unserer Arbeit darauf, die Umwelt zu schonen.<\/span><\/p>\n<p><span style=\"color: #cccccc;\">Und wir wollen unseren Beitrag leisten. Mit unserer Aktion: \u201cEinen Baum schenken\u201d erfreuen wir unsere Kunden, wenn ein Bauprojekt fertiggestellt wurde, und tragen gleichzeitig zur Aufforstung in Spanien bei.<\/span><\/p>\n<p>[\/vc_column_text][\/vc_column][vc_column width=&#8220;3\/5&#8243;][vc_row_inner content_placement=&#8220;middle&#8220;][vc_column_inner width=&#8220;1\/2&#8243;]<div  class=\"wpb_content_element   clearfix\"><style type=\"text\/css\">#ut_am_69dbd9076daa3 { opacity: 1; }#ut_am_wrap_69dbd9076daa4 .ut-image-gallery-item-caption-title h3 { letter-spacing: 0em; }#ut_am_wrap_69dbd9076daa4 .ut-gallery-slider-caption { font-weight: bold; }#ut_am_wrap_69dbd9076daa4 { text-align: left; }@media (min-width: 768px) and (max-width: 1024px) { #ut_am_wrap_69dbd9076daa4 { text-align: left !important; } }@media (max-width: 767px) { #ut_am_wrap_69dbd9076daa4 { text-align: center !important; } }<\/style><div id=\"ut_am_wrap_69dbd9076daa4\" class=\"ut-image-gallery-image \"><div id=\"ut_reveal_69dbd9076daa5\"  data-appear-top-offset=\"auto\" class=\"ut-animated-image-item ut-image-gallery-item ut-animation-done \"><a class=\"ut-deactivated-link\" href=\"#\"><div class=\"ut-animated-image-zoom\"><img loading=\"lazy\" decoding=\"async\" class=\"ut-lazy skip-lazy ut-animated-image \"  id=\"ut_am_69dbd9076daa3\" src=\"data:image\/svg+xml;charset=utf-8,%3Csvg xmlns%3D'http%3A%2F%2Fwww.w3.org%2F2000%2Fsvg' viewBox%3D'0 0 867 867'%2F%3E\" data-src=\"https:\/\/alibaz.es\/wp-content\/uploads\/2020\/10\/logos-medio-ambiente.jpg\" width=\"867\" height=\"867\" alt=\"\"\/><\/div><\/a><\/div><\/div><\/div>[\/vc_column_inner][vc_column_inner width=&#8220;1\/2&#8243;]<div  class=\"wpb_content_element   clearfix\"><style type=\"text\/css\">#ut_am_69dbd9076df5c { opacity: 1; }#ut_am_wrap_69dbd9076df5d .ut-image-gallery-item-caption-title h3 { letter-spacing: 0em; }#ut_am_wrap_69dbd9076df5d .ut-gallery-slider-caption { font-weight: bold; }#ut_am_wrap_69dbd9076df5d { text-align: left; }@media (min-width: 768px) and (max-width: 1024px) { #ut_am_wrap_69dbd9076df5d { text-align: left !important; } }@media (max-width: 767px) { #ut_am_wrap_69dbd9076df5d { text-align: center !important; } }<\/style><div id=\"ut_am_wrap_69dbd9076df5d\" class=\"ut-image-gallery-image \"><div id=\"ut_reveal_69dbd9076df5e\"  data-appear-top-offset=\"auto\" class=\"ut-animated-image-item ut-image-gallery-item ut-animation-done \"><a class=\"ut-deactivated-link\" href=\"#\"><div class=\"ut-animated-image-zoom\"><img loading=\"lazy\" decoding=\"async\" class=\"ut-lazy skip-lazy ut-animated-image \"  id=\"ut_am_69dbd9076df5c\" src=\"data:image\/svg+xml;charset=utf-8,%3Csvg xmlns%3D'http%3A%2F%2Fwww.w3.org%2F2000%2Fsvg' viewBox%3D'0 0 867 867'%2F%3E\" data-src=\"https:\/\/alibaz.es\/wp-content\/uploads\/2020\/10\/compromiso-medio-ambiental.jpg\" width=\"867\" height=\"867\" alt=\"\"\/><\/div><\/a><\/div><\/div><\/div>[\/vc_column_inner][\/vc_row_inner][\/vc_column][vc_column css=&#8220;.vc_custom_1602254768433{padding-top: 60px !important;}&#8220;]<style type=\"text\/css\">#bklyn_btn_69dbd9076dff3 .bklyn-btn { color:#f1c40f !important; background-color:#151515 !important; }#bklyn_btn_69dbd9076dff3 .bklyn-btn:hover{ color:#ffffff !important; }#bklyn_btn_69dbd9076dff3 .bklyn-btn:focus{ color:#ffffff !important; }#bklyn_btn_69dbd9076dff3 .bklyn-btn:active { color:#ffffff !important; }<\/style><div id=\"bklyn_btn_69dbd9076dff3\" class=\"bklyn-btn-holder  bklyn-btn-center bklyn-btn-tablet-center bklyn-btn-mobile-center\"><a title=\"\"   href=\"https:\/\/alibaz.es\/wp-content\/uploads\/2021\/01\/carta-politica-2020.pdf\" target=\"_blank\" class=\"bklyn-btn  bklyn-btn-icon-left bklyn-btn-normal\" ><i class=\"BklynIcons-Download\"><\/i><span class=\"ut-btn-text\">Pol\u00edtica Integrada de Calidad, Medio Ambiente y Prevenci\u00f3n de Riesgos Laborales. Alcance del Sistema de Gesti\u00f3n<\/span><\/a><\/div>[\/vc_column][\/vc_row][\/vc_section][vc_row equal_height=&#8220;yes&#8220; content_placement=&#8220;middle&#8220; css=&#8220;.vc_custom_1602254827657{margin-top: 0px !important;border-top-width: 0px !important;padding-top: 0px !important;background-color: #151515 !important;}&#8220;][vc_column width=&#8220;2\/5&#8243;][vc_column_text]<\/p>\n<h2><span style=\"color: #cccccc;\">SICHERHEIT<\/span><\/h2>\n<p><span style=\"color: #cccccc;\">Die Sicherheit spielt in unserer Branche eine bedeutende Rolle und ist gleichzeitig ein sehr komplexer Bereich. Wir achten jeden Tag auf alle Details, um in einem Arbeitsumfeld arbeiten zu k\u00f6nnen, das gut kontrolliert wird und so sicher wie m\u00f6glich ist. Au\u00dferdem bilden wir unsere Mitarbeiter st\u00e4ndig weiter.<\/span><\/p>\n<p><span style=\"color: #cccccc;\">Es geht nicht darum, eine Lektion zu lernen, sondern darum, dass sichere Arbeitsweisen in Fleisch und Blut \u00fcbergehen.<\/span><\/p>\n<p><span style=\"color: #cccccc;\">Wir achten aufeinander und st\u00e4rken alle und jeden einzelnen unserer Mitarbeiter, indem wir ihnen unsichtbare Fl\u00fcgel verleihen, die Fl\u00fcgel des Schutzengels.<br \/>\nNicht nur f\u00fcr Sie, sondern f\u00fcr uns alle.<\/span><\/p>\n<p>[\/vc_column_text][\/vc_column][vc_column width=&#8220;3\/5&#8243;][vc_row_inner content_placement=&#8220;middle&#8220;][vc_column_inner width=&#8220;1\/2&#8243;]<div  class=\"wpb_content_element   clearfix\"><style type=\"text\/css\">#ut_am_69dbd9076e579 { opacity: 1; }#ut_am_wrap_69dbd9076e57a .ut-image-gallery-item-caption-title h3 { letter-spacing: 0em; }#ut_am_wrap_69dbd9076e57a .ut-gallery-slider-caption { font-weight: bold; }#ut_am_wrap_69dbd9076e57a { text-align: left; }@media (min-width: 768px) and (max-width: 1024px) { #ut_am_wrap_69dbd9076e57a { text-align: left !important; } }@media (max-width: 767px) { #ut_am_wrap_69dbd9076e57a { text-align: center !important; } }<\/style><div id=\"ut_am_wrap_69dbd9076e57a\" class=\"ut-image-gallery-image \"><div id=\"ut_reveal_69dbd9076e57b\"  data-appear-top-offset=\"auto\" class=\"ut-animated-image-item ut-image-gallery-item ut-animation-done \"><a class=\"ut-deactivated-link\" href=\"#\"><div class=\"ut-animated-image-zoom\"><img loading=\"lazy\" decoding=\"async\" class=\"ut-lazy skip-lazy ut-animated-image \"  id=\"ut_am_69dbd9076e579\" src=\"data:image\/svg+xml;charset=utf-8,%3Csvg xmlns%3D'http%3A%2F%2Fwww.w3.org%2F2000%2Fsvg' viewBox%3D'0 0 867 867'%2F%3E\" data-src=\"https:\/\/alibaz.es\/wp-content\/uploads\/2020\/10\/logo-seguridad.jpg\" width=\"867\" height=\"867\" alt=\"\"\/><\/div><\/a><\/div><\/div><\/div>[\/vc_column_inner][vc_column_inner width=&#8220;1\/2&#8243;]<div  class=\"wpb_content_element   clearfix\"><style type=\"text\/css\">#ut_am_69dbd9076eac5 { opacity: 1; }#ut_am_wrap_69dbd9076eac6 .ut-image-gallery-item-caption-title h3 { letter-spacing: 0em; }#ut_am_wrap_69dbd9076eac6 .ut-gallery-slider-caption { font-weight: bold; }#ut_am_wrap_69dbd9076eac6 { text-align: left; }@media (min-width: 768px) and (max-width: 1024px) { #ut_am_wrap_69dbd9076eac6 { text-align: left !important; } }@media (max-width: 767px) { #ut_am_wrap_69dbd9076eac6 { text-align: center !important; } }<\/style><div id=\"ut_am_wrap_69dbd9076eac6\" class=\"ut-image-gallery-image \"><div id=\"ut_reveal_69dbd9076eac7\"  data-appear-top-offset=\"auto\" class=\"ut-animated-image-item ut-image-gallery-item ut-animation-done \"><a class=\"ut-deactivated-link\" href=\"#\"><div class=\"ut-animated-image-zoom\"><img loading=\"lazy\" decoding=\"async\" class=\"ut-lazy skip-lazy ut-animated-image \"  id=\"ut_am_69dbd9076eac5\" src=\"data:image\/svg+xml;charset=utf-8,%3Csvg xmlns%3D'http%3A%2F%2Fwww.w3.org%2F2000%2Fsvg' viewBox%3D'0 0 867 867'%2F%3E\" data-src=\"https:\/\/alibaz.es\/wp-content\/uploads\/2020\/10\/compromiso-seguridad.jpg\" width=\"867\" height=\"867\" alt=\"\"\/><\/div><\/a><\/div><\/div><\/div>[\/vc_column_inner][\/vc_row_inner][\/vc_column][\/vc_row][vc_row equal_height=&#8220;yes&#8220; content_placement=&#8220;middle&#8220; css=&#8220;.vc_custom_1601885084785{padding-top: 80px !important;padding-bottom: 80px !important;background-color: #151515 !important;}&#8220;][vc_column width=&#8220;2\/5&#8243;][vc_column_text]<\/p>\n<h2><span style=\"color: #cccccc;\">SOZIALES ENGAGEMENT<\/span><\/h2>\n<p><span style=\"color: #cccccc;\">Alibaz ist eine Familie und als solche sorgen wir f\u00fcreinander. Aber das reicht heutzutage nicht mehr aus. Man muss auch \u00fcber den Tellerrand hinausblicken und seinen Beitrag leisten, um das Umfeld, in dem man lebt, zu verbessern. Deswegen unterst\u00fctzen wir auf lokaler Ebene soziale Tafeln, auf nationaler Ebene leisten wir unseren Beitrag zum Verlegen von Kinderb\u00fcchern, die an kranke Kinder in Krankenh\u00e4usern gegeben werden, und auch auf internationaler Ebene sind wir aktiv und unterst\u00fctzen Wohnungsbauprojekte f\u00fcr besonders benachteiligte Menschen. Wir tragen eine Verantwortung und jeder sollte diese ganz pers\u00f6nlich wahrnehmen.<\/span><\/p>\n<p>[\/vc_column_text][\/vc_column][vc_column width=&#8220;3\/5&#8243;][vc_row_inner content_placement=&#8220;middle&#8220;][vc_column_inner width=&#8220;1\/2&#8243;]<div  class=\"wpb_content_element   clearfix\"><style type=\"text\/css\">#ut_am_69dbd9076f042 { opacity: 1; }#ut_am_wrap_69dbd9076f043 .ut-image-gallery-item-caption-title h3 { letter-spacing: 0em; }#ut_am_wrap_69dbd9076f043 .ut-gallery-slider-caption { font-weight: bold; }#ut_am_wrap_69dbd9076f043 { text-align: left; }@media (min-width: 768px) and (max-width: 1024px) { #ut_am_wrap_69dbd9076f043 { text-align: left !important; } }@media (max-width: 767px) { #ut_am_wrap_69dbd9076f043 { text-align: center !important; } }<\/style><div id=\"ut_am_wrap_69dbd9076f043\" class=\"ut-image-gallery-image \"><div id=\"ut_reveal_69dbd9076f044\"  data-appear-top-offset=\"auto\" class=\"ut-animated-image-item ut-image-gallery-item ut-animation-done \"><a class=\"ut-deactivated-link\" href=\"#\"><div class=\"ut-animated-image-zoom\"><img loading=\"lazy\" decoding=\"async\" class=\"ut-lazy skip-lazy ut-animated-image \"  id=\"ut_am_69dbd9076f042\" src=\"data:image\/svg+xml;charset=utf-8,%3Csvg xmlns%3D'http%3A%2F%2Fwww.w3.org%2F2000%2Fsvg' viewBox%3D'0 0 867 867'%2F%3E\" data-src=\"https:\/\/alibaz.es\/wp-content\/uploads\/2020\/10\/logo-social.jpg\" width=\"867\" height=\"867\" alt=\"\"\/><\/div><\/a><\/div><\/div><\/div>[\/vc_column_inner][vc_column_inner width=&#8220;1\/2&#8243;]<div  class=\"wpb_content_element   clearfix\"><style type=\"text\/css\">#ut_am_69dbd9076f5cc { opacity: 1; }#ut_am_wrap_69dbd9076f5cd .ut-image-gallery-item-caption-title h3 { letter-spacing: 0em; }#ut_am_wrap_69dbd9076f5cd .ut-gallery-slider-caption { font-weight: bold; }#ut_am_wrap_69dbd9076f5cd { text-align: left; }@media (min-width: 768px) and (max-width: 1024px) { #ut_am_wrap_69dbd9076f5cd { text-align: left !important; } }@media (max-width: 767px) { #ut_am_wrap_69dbd9076f5cd { text-align: center !important; } }<\/style><div id=\"ut_am_wrap_69dbd9076f5cd\" class=\"ut-image-gallery-image \"><div id=\"ut_reveal_69dbd9076f5ce\"  data-appear-top-offset=\"auto\" class=\"ut-animated-image-item ut-image-gallery-item ut-animation-done \"><a class=\"ut-deactivated-link\" href=\"#\"><div class=\"ut-animated-image-zoom\"><img loading=\"lazy\" decoding=\"async\" class=\"ut-lazy skip-lazy ut-animated-image \"  id=\"ut_am_69dbd9076f5cc\" src=\"data:image\/svg+xml;charset=utf-8,%3Csvg xmlns%3D'http%3A%2F%2Fwww.w3.org%2F2000%2Fsvg' viewBox%3D'0 0 867 867'%2F%3E\" data-src=\"https:\/\/alibaz.es\/wp-content\/uploads\/2020\/10\/Alibaz_compromiso2.jpg\" width=\"867\" height=\"867\" alt=\"\"\/><\/div><\/a><\/div><\/div><\/div>[\/vc_column_inner][\/vc_row_inner][\/vc_column][\/vc_row][vc_row full_width=&#8220;stretch_row_content&#8220; full_height=&#8220;yes&#8220; equal_height=&#8220;yes&#8220; bklyn_overlay=&#8220;true&#8220; parallax=&#8220;content-moving&#8220; animate_once=&#8220;no&#8220; css=&#8220;.vc_custom_1601884103002{background: #0a0a0a url(https:\/\/alibaz.es\/wp-content\/uploads\/2020\/10\/compromiso-parallax-03.jpg?id=15243);}&#8220; bklyn_overlay_color=&#8220;rgba(0, 0, 0, 0.5)&#8220;][vc_column]<div class=\"wpb_content_element \"><style type=\"text\/css\">#ut_header_69dbd9076fb0e h2.section-title, #ut_header_69dbd9076fb0e h2.section-title span { color:#f1c40f; }#ut_header_69dbd9076fb0e h2.section-title{ font-family: \"Roboto\";font-weight:300;font-style:normal; }#ut_header_69dbd9076fb0e h2.section-title{ font-size: 30px }<\/style><header id=\"ut_header_69dbd9076fb0e\" class=\"section-header  pt-style-7 header-center header-tablet-center header-mobile-center\"><h2 data-title=\"#ZERTIFIZIERTEQUALIT\u00c4T\"  data-responsive-font=\"section_title\" data-responsive-font-settings=\"{&quot;base-font-size&quot;:&quot;30&quot;}\" class=\"section-title  \"><span><b>#ZERTIFIZIERTE<\/b>QUALIT\u00c4T<\/span><\/h2><\/header><\/div>[\/vc_column][\/vc_row]<\/p>\n<\/div>","protected":false},"excerpt":{"rendered":"<p>[vc_section content_placement=&#8220;middle&#8220; css=&#8220;.vc_custom_1602254727608{margin-bottom: 0px !important;border-bottom-width: 0px !important;padding-bottom: 0px !important;background-color: #151515 !important;}&#8220;][vc_row equal_height=&#8220;yes&#8220; content_placement=&#8220;middle&#8220; css=&#8220;.vc_custom_1601897569999{padding-top: 80px !important;}&#8220;][vc_column width=&#8220;2\/5&#8243;][vc_column_text] QUALIT\u00c4T Wir achten bei jedem Schritt auf Qualit\u00e4t, bei jedem Detail, bei allem, was man sieht und was man nicht sieht. Durch die Weiterbildung und Motivierung unserer Mitarbeiter und eine strenge Einhaltung unserer Ausf\u00fchrungs- und Managementprotokolle garantieren wir [&hellip;]<\/p>\n","protected":false},"author":4,"featured_media":0,"parent":0,"menu_order":0,"comment_status":"closed","ping_status":"closed","template":"","meta":{"footnotes":""},"class_list":["post-12092","page","type-page","status-publish","hentry"],"_links":{"self":[{"href":"https:\/\/alibaz.es\/de\/wp-json\/wp\/v2\/pages\/12092","targetHints":{"allow":["GET"]}}],"collection":[{"href":"https:\/\/alibaz.es\/de\/wp-json\/wp\/v2\/pages"}],"about":[{"href":"https:\/\/alibaz.es\/de\/wp-json\/wp\/v2\/types\/page"}],"author":[{"embeddable":true,"href":"https:\/\/alibaz.es\/de\/wp-json\/wp\/v2\/users\/4"}],"replies":[{"embeddable":true,"href":"https:\/\/alibaz.es\/de\/wp-json\/wp\/v2\/comments?post=12092"}],"version-history":[{"count":0,"href":"https:\/\/alibaz.es\/de\/wp-json\/wp\/v2\/pages\/12092\/revisions"}],"wp:attachment":[{"href":"https:\/\/alibaz.es\/de\/wp-json\/wp\/v2\/media?parent=12092"}],"curies":[{"name":"wp","href":"https:\/\/api.w.org\/{rel}","templated":true}]}}