{"id":52537,"date":"2026-03-30T13:16:05","date_gmt":"2026-03-30T11:16:05","guid":{"rendered":"https:\/\/alibaz.es\/?page_id=52537"},"modified":"2026-03-30T13:16:05","modified_gmt":"2026-03-30T11:16:05","slug":"richtlinien-des-internen-informationssystems","status":"publish","type":"page","link":"https:\/\/alibaz.es\/de\/richtlinien-des-internen-informationssystems\/","title":{"rendered":"Richtlinien des Internen Informationssystems"},"content":{"rendered":"<p>&nbsp;<\/p>\n<p style=\"font-weight: 400;\">Das Interne Informationssystem von ALIBAZ INVERSIONES S.L. ist der Kanal, um vertraulich und effektiv Informationen \u00fcber Unregelm\u00e4\u00dfigkeiten, die von ALIBAZ INVERSIONES S.L. oder dessen Personal begangen wurden, mitzuteilen, die im Rahmen eines Arbeits- oder Berufsverh\u00e4ltnisses mit unserer Organisation bekannt geworden sind, in \u00dcbereinstimmung mit den Bestimmungen des Gesetzes 2\/2023 vom 20. Februar.<\/p>\n<p style=\"font-weight: 400;\">Die Organisation hat ein internes Informationssystem \u00fcber folgende Kan\u00e4le eingerichtet:<\/p>\n<ul>\n<li style=\"font-weight: 400;\">Schriftlich:\n<ul>\n<li style=\"font-weight: 400;\">Per E-Mail: <a href=\"mailto:compliance@alibaz.es\">compliance@alibaz.es<\/a><\/li>\n<li style=\"font-weight: 400;\">Per Post, adressiert an den Verantwortlichen des Internen Informationssystems von ALIBAZ INVERSIONES S.L. in C\/ COLOMER N\u00ba 6, NAVE 9, POLIGONO SON BUGADELLAS, C.P.:07180, CALVIA, BALEARES<\/li>\n<\/ul>\n<\/li>\n<li style=\"font-weight: 400;\">M\u00fcndlich:\n<ul>\n<li style=\"font-weight: 400;\">Auf Wunsch des Informanten kann die Information auch in einem pers\u00f6nlichen Treffen mit dem Verantwortlichen des Systems innerhalb eines maximalen Zeitraums von sieben Tagen nach der Antragstellung \u00fcbermittelt werden.<\/li>\n<li style=\"font-weight: 400;\">Neben diesen Kan\u00e4len k\u00f6nnen auch Mitteilungen an externe Informationskan\u00e4le der zust\u00e4ndigen Beh\u00f6rden gesendet werden; Unabh\u00e4ngige Stelle f\u00fcr den Schutz des Informanten \u00fcber E-Mail: <a href=\"mailto:canal.externo@proteccioninformante.es\">canal.externo@proteccioninformante.es<\/a>.<\/li>\n<\/ul>\n<\/li>\n<\/ul>\n<p style=\"font-weight: 400;\">F\u00fcr weitere Informationen k\u00f6nnen Sie die Webseite besuchen: <a href=\"https:\/\/www.proteccioninformante.gob.es\/\" target=\"_blank\" rel=\"noopener\">https:\/\/www.proteccioninformante.gob.es\/<\/a>.<\/p>\n<ul>\n<li style=\"font-weight: 400;\">Nach Erhalt der Beschwerde wird der Verantwortliche des Internen Informationssystems dem Beschwerdef\u00fchrer innerhalb von weniger als 7 Tagen eine Empfangsbest\u00e4tigung der Beschwerde zukommen lassen, im Falle von namentlichen Beschwerden. In jedem Fall wird der Beschwerdef\u00fchrer \u00fcber die Rechte und Pflichten informiert, die durch die Vorschriften zum Schutz personenbezogener Daten festgelegt sind.<\/li>\n<li style=\"font-weight: 400;\">Der Verantwortliche des Internen Informationssystems wird einen begr\u00fcndeten Bericht erstellen, der die eingereichte Mitteilung entweder annimmt oder ablehnt und in jedem Fall die getroffene Entscheidung rechtfertigt. Der Bericht wird dem Informanten und der betroffenen Person innerhalb eines maximalen Zeitraums von 3 Monaten nach Ablauf der sieben Tage nach der Mitteilung zugestellt, es sei denn, es handelt sich um F\u00e4lle von besonderer Komplexit\u00e4t, die eine Fristverl\u00e4ngerung erfordern, in diesem Fall kann sie um maximal drei zus\u00e4tzliche Monate verl\u00e4ngert werden.<\/li>\n<li style=\"font-weight: 400;\">W\u00e4hrend der Bearbeitung der Beschwerde kann die Kommunikation und der Kontakt mit dem Informanten\/Beschwerdef\u00fchrer aufrechterhalten werden, und falls n\u00f6tig, kann zus\u00e4tzliche Information vom Informanten angefordert werden.<\/li>\n<li style=\"font-weight: 400;\">Es wird garantiert, dass die von der Information oder Beschwerde betroffene Person dar\u00fcber informiert wird, sowie \u00fcber die kurz gefassten berichteten Fakten. Zus\u00e4tzlich wird sie \u00fcber ihr Recht informiert, schriftliche Einwendungen einzureichen und \u00fcber die Verarbeitung ihrer personenbezogenen Daten. Diese Informationen k\u00f6nnen jedoch im Rahmen des Anh\u00f6rungsverfahrens bereitgestellt werden, wenn es als notwendig erachtet wird, dass ihr Beitrag zuvor die Verschleierung, Zerst\u00f6rung oder Ver\u00e4nderung von Beweismitteln erleichtern k\u00f6nnte.<\/li>\n<li style=\"font-weight: 400;\">Der Verantwortliche des Internen Informationssystems\/Kanals f\u00fcr Beschwerden garantiert die Vertraulichkeit f\u00fcr alle, die das Interne Informationssystem\/Kanal f\u00fcr Beschwerden nutzen. Dar\u00fcber hinaus wird die Vertraulichkeit gew\u00e4hrleistet, wenn die Mitteilung \u00fcber andere als die festgelegten Beschwerdekan\u00e4le oder an nicht f\u00fcr deren Verarbeitung verantwortliche Mitarbeiter gesendet wird.<\/li>\n<li style=\"font-weight: 400;\">W\u00e4hrend der Bearbeitung des Verfahrens haben die von der Mitteilung betroffenen Personen das Recht auf die Unschuldsvermutung, das Recht auf Verteidigung und das Recht auf Zugang zu den Akten sowie den gleichen Schutz, der f\u00fcr die Informanten gew\u00e4hrleistet ist, wobei ihre Identit\u00e4t gewahrt und die Vertraulichkeit der Fakten und Daten des Verfahrens sichergestellt wird.<\/li>\n<li style=\"font-weight: 400;\">Die Verarbeitung personenbezogener Daten, die sich aus der Anwendung dieses Verfahrens ergeben, unterliegt den Bestimmungen der Verordnung (EU) 2016\/679 des Europ\u00e4ischen Parlaments und des Rates vom 27. April 2016, dem Gesetz \u00fcber den Schutz personenbezogener Daten (Organgesetz 3\/2018) vom 5. Dezember sowie dem Organgesetz 7\/2021 vom 26. Mai, das den Schutz personenbezogener Daten f\u00fcr die Zwecke der Pr\u00e4vention, Erkennung, Untersuchung und Verfolgung von Straftaten sowie der Vollstreckung von Strafma\u00dfnahmen regelt.<\/li>\n<li style=\"font-weight: 400;\">Der Verantwortliche des Internen Informationssystems\/Kanals f\u00fcr Beschwerden wird die Informationen unverz\u00fcglich an die Staatsanwaltschaft weiterleiten, wenn die Fakten als hinweislich eines Verbrechens gelten k\u00f6nnen, oder an die Europ\u00e4ische Staatsanwaltschaft, falls die Fakten die finanziellen Interessen der Europ\u00e4ischen Union betreffen.<\/li>\n<li style=\"font-weight: 400;\">Die Organisation garantiert, dass es keine Repressalien gegen Personen gibt, die ein m\u00f6gliches ungesetzliches Verhalten melden oder einen Regelversto\u00df mitgeteilt oder bei dessen Untersuchung oder L\u00f6sung geholfen haben.<\/li>\n<li style=\"font-weight: 400;\">Personen, die Verst\u00f6\u00dfe gem\u00e4\u00df Artikel 2 des Gesetzes 2\/2023 vom 20. Februar melden oder offenbaren, sowie Handlungen oder Unterlassungen, die als schwere oder sehr schwere straf- oder verwaltungsrechtliche Verst\u00f6\u00dfe gelten k\u00f6nnen, haben Anspruch auf Schutzma\u00dfnahmen, sofern die im Artikel 35 der genannten Norm festgelegten Bedingungen erf\u00fcllt sind. Die Schutzma\u00dfnahmen sind im Artikel 38 des Gesetzes 2\/2023 vom 20. Februar aufgef\u00fchrt.<\/li>\n<li style=\"font-weight: 400;\">Die Beschwerde oder Information wird in den R\u00e4umlichkeiten der Organisation gem\u00e4\u00df ihrer Archivierungs- und Dokumentenerhaltungsrichtlinie aufbewahrt.<\/li>\n<li style=\"font-weight: 400;\">Die Organisation f\u00fchrt ein Register aller eingegangenen Beschwerden. Beschwerden werden nur f\u00fcr den Zeitraum aufbewahrt, der notwendig und angemessen ist, um den Anforderungen des Gesetzes 2\/2023 vom 20. Februar, das den Schutz von Personen, die \u00fcber Regelverst\u00f6\u00dfe informieren, und die Bek\u00e4mpfung von Korruption regelt, sowie gem\u00e4\u00df den Bestimmungen des Artikels 24 und anderer anwendbarer Artikel des Organgesetzes 3\/2018 vom 5. Dezember, \u00fcber den Schutz personenbezogener Daten und die Garantie der digitalen Rechte, zu entsprechen.<\/li>\n<\/ul>\n","protected":false},"excerpt":{"rendered":"<p>&nbsp; Das Interne Informationssystem von ALIBAZ INVERSIONES S.L. ist der Kanal, um vertraulich und effektiv Informationen \u00fcber Unregelm\u00e4\u00dfigkeiten, die von ALIBAZ INVERSIONES S.L. oder dessen Personal begangen wurden, mitzuteilen, die im Rahmen eines Arbeits- oder Berufsverh\u00e4ltnisses mit unserer Organisation bekannt geworden sind, in \u00dcbereinstimmung mit den Bestimmungen des Gesetzes 2\/2023 vom 20. Februar. Die Organisation [&hellip;]<\/p>\n","protected":false},"author":4,"featured_media":0,"parent":0,"menu_order":0,"comment_status":"closed","ping_status":"closed","template":"","meta":{"footnotes":""},"class_list":["post-52537","page","type-page","status-publish","hentry"],"_links":{"self":[{"href":"https:\/\/alibaz.es\/de\/wp-json\/wp\/v2\/pages\/52537","targetHints":{"allow":["GET"]}}],"collection":[{"href":"https:\/\/alibaz.es\/de\/wp-json\/wp\/v2\/pages"}],"about":[{"href":"https:\/\/alibaz.es\/de\/wp-json\/wp\/v2\/types\/page"}],"author":[{"embeddable":true,"href":"https:\/\/alibaz.es\/de\/wp-json\/wp\/v2\/users\/4"}],"replies":[{"embeddable":true,"href":"https:\/\/alibaz.es\/de\/wp-json\/wp\/v2\/comments?post=52537"}],"version-history":[{"count":1,"href":"https:\/\/alibaz.es\/de\/wp-json\/wp\/v2\/pages\/52537\/revisions"}],"predecessor-version":[{"id":52538,"href":"https:\/\/alibaz.es\/de\/wp-json\/wp\/v2\/pages\/52537\/revisions\/52538"}],"wp:attachment":[{"href":"https:\/\/alibaz.es\/de\/wp-json\/wp\/v2\/media?parent=52537"}],"curies":[{"name":"wp","href":"https:\/\/api.w.org\/{rel}","templated":true}]}}