{"id":8254,"date":"2016-06-29T22:08:23","date_gmt":"2016-06-29T22:08:23","guid":{"rendered":"https:\/\/alibaz.es\/alibaz\/"},"modified":"2020-10-19T12:27:27","modified_gmt":"2020-10-19T10:27:27","slug":"alibaz","status":"publish","type":"page","link":"https:\/\/alibaz.es\/de\/alibaz\/","title":{"rendered":"Alibaz"},"content":{"rendered":"<div class=\"wpb-content-wrapper\"><p>[vc_section css=&#8220;.vc_custom_1511088827911{margin-bottom: 0px !important;border-bottom-width: 0px !important;padding-top: 100px !important;padding-bottom: 20px !important;background-color: #151515 !important;}&#8220;][vc_row content_placement=&#8220;bottom&#8220; css=&#8220;.vc_custom_1511090305804{margin-bottom: 0px !important;border-bottom-width: 0px !important;padding-bottom: 0px !important;}&#8220;][vc_column width=&#8220;1\/2&#8243;][vc_row_inner][vc_column_inner]<div class=\"wpb_content_element  vc_custom_1511469789220\"><style type=\"text\/css\">#ut_header_69e97e3194727 h2.section-title, #ut_header_69e97e3194727 h2.section-title span { color:#cccccc; }<\/style><header id=\"ut_header_69e97e3194727\" class=\"section-header  ut-no-title-linebreak-mobile ut-no-lead-linebreak-mobile pt-style-7 header-left header-tablet-left header-mobile-center\"><h2 data-title=\"ALIBAZ\"  data-responsive-font=\"section_title\" class=\"section-title  \"><span><strong>ALIBAZ<\/strong><\/span><\/h2><\/header><\/div>[\/vc_column_inner][\/vc_row_inner][vc_column_text]<\/p>\n<h2><span style=\"color: #cccccc;\"><i>\u201cSpecialists in premium quality construction\u201d<\/i><\/span><\/h2>\n<p><span style=\"color: #cccccc;\">Wir befinden uns in einem Umfeld gro\u00dfer Konkurrenz mit einem sehr hohen Anforderungsniveau. Nach der Krise verlangt die aktuelle Situation nach Unternehmen mit <strong>sehr qualifiziertem und vielseitigem Personal,<\/strong> um die Erwartung sehr anspruchsvoller Kunden, auf die wir fokussiert sind, erf\u00fcllen zu k\u00f6nnen.<\/span><\/p>\n<p><span style=\"color: #cccccc;\">Kunden, die <strong>Exzellenz<\/strong> suchen. Kunden, die Qualit\u00e4t und Professionalit\u00e4t in einem Verfahren bewerten, das wir miterleben und in dem wir ihre Tr\u00e4ume in Wirklichkeit verwandeln.<\/span><\/p>\n<p><span style=\"color: #cccccc;\">Der Markt hat uns zur Zusammenarbeit mit verschiedenen Nationalit\u00e4ten gef\u00fchrt, wie Spanier, Deutsche, Briten, Schweden etc., haupts\u00e4chlich f\u00fcr Luxuseinfamilienh\u00e4user sowohl bei Neubauten als auch bei Renovierung und Sanierung.<\/span>[\/vc_column_text][\/vc_column][vc_column width=&#8220;1\/2&#8243;][vc_raw_html]JTNDaWZyYW1lJTIwd2lkdGglM0QlMjI1NjAlMjIlMjBoZWlnaHQlM0QlMjIzMTUlMjIlMjBzcmMlM0QlMjJodHRwcyUzQSUyRiUyRnd3dy55b3V0dWJlLmNvbSUyRmVtYmVkJTJGdENxa3hTRnZfSE0lMjIlMjBmcmFtZWJvcmRlciUzRCUyMjAlMjIlMjBnZXN0dXJlJTNEJTIybWVkaWElMjIlMjBhbGxvd2Z1bGxzY3JlZW4lM0UlM0MlMkZpZnJhbWUlM0U=[\/vc_raw_html][\/vc_column][\/vc_row][\/vc_section][vc_row full_width=&#8220;stretch_row_content&#8220; full_height=&#8220;yes&#8220; equal_height=&#8220;yes&#8220; bklyn_overlay=&#8220;true&#8220; parallax=&#8220;content-moving&#8220; animate_once=&#8220;no&#8220; css=&#8220;.vc_custom_1599809892504{background: #0a0a0a url(https:\/\/alibaz.es\/wp-content\/uploads\/2020\/09\/alibaz-parallax-01.jpg?id=12015);}&#8220; bklyn_overlay_color=&#8220;rgba(0, 0, 0, 0.5)&#8220;][vc_column]<div class=\"wpb_content_element \"><style type=\"text\/css\">#ut_header_69e97e31970d2 h2.section-title, #ut_header_69e97e31970d2 h2.section-title span { color:#f1c40f; }#ut_header_69e97e31970d2 h2.section-title{ font-family: \"Roboto\";font-weight:300;font-style:normal; }#ut_header_69e97e31970d2 h2.section-title{ font-size: 30px }<\/style><header id=\"ut_header_69e97e31970d2\" class=\"section-header  pt-style-7 header-center header-tablet-center header-mobile-center\"><h2 data-title=\"WIR STEHEN F\u00dcR QUALIT\u00c4T, TECHNOLOGIE UND DIENSTLEISTUNG\"  data-responsive-font=\"section_title\" data-responsive-font-settings=\"{&quot;base-font-size&quot;:&quot;30&quot;}\" class=\"section-title  \"><span><b>WIR STEHEN F\u00dcR<\/b> QUALIT\u00c4T, TECHNOLOGIE UND DIENSTLEISTUNG<\/span><\/h2><\/header><\/div>[\/vc_column][\/vc_row][vc_row css=&#8220;.vc_custom_1600165913478{padding-top: 80px !important;padding-bottom: 40px !important;background-color: #ffffff !important;}&#8220;][vc_column width=&#8220;1\/3&#8243;][vc_single_image image=&#8220;12043&#8243; img_size=&#8220;full&#8220; alignment=&#8220;center&#8220; css=&#8220;.vc_custom_1599811156866{margin-top: 0px !important;margin-right: 0px !important;margin-left: 0px !important;border-top-width: 0px !important;border-right-width: 0px !important;border-left-width: 0px !important;padding-top: 0px !important;padding-right: 0px !important;padding-left: 0px !important;}&#8220;][vc_column_text]<\/p>\n<h4>PERSONAL<\/h4>\n<p>Unser Team setzt sich aus sehr qualifizierten und professionellen technischen Mitarbeitern und unseren eigenen Arbeitern zusammen, sodass wir sowohl unsere Bauprojekte als auch die Qualit\u00e4t des Ergebnisses besser kontrollieren k\u00f6nnen.[\/vc_column_text][\/vc_column][vc_column width=&#8220;1\/3&#8243;][vc_single_image image=&#8220;12040&#8243; img_size=&#8220;full&#8220; alignment=&#8220;center&#8220; css=&#8220;.vc_custom_1599811176599{margin-top: 0px !important;margin-right: 0px !important;margin-left: 0px !important;border-top-width: 0px !important;border-right-width: 0px !important;border-left-width: 0px !important;padding-top: 0px !important;padding-right: 0px !important;padding-left: 0px !important;}&#8220;][vc_column_text]<\/p>\n<h4><strong>STEUERUNG UND PLANUNG<\/strong><\/h4>\n<p>Wir verpflichten uns zur <strong>strikten Einhaltung<\/strong> der Vertr\u00e4ge mit unseren Kunden und garantieren umfassend die Qualit\u00e4tserwartungen, Lieferzeiten und den Kostenvoranschlag. Wir betreiben integrales Projektmanagement, um die geeignete Koordination und Entwicklung zu gew\u00e4hrleisten.[\/vc_column_text][\/vc_column][vc_column width=&#8220;1\/3&#8243;][vc_single_image image=&#8220;12046&#8243; img_size=&#8220;full&#8220; alignment=&#8220;center&#8220; css=&#8220;.vc_custom_1599811199574{margin-top: 0px !important;margin-right: 0px !important;margin-left: 0px !important;border-top-width: 0px !important;border-right-width: 0px !important;border-left-width: 0px !important;padding-top: 0px !important;padding-right: 0px !important;padding-left: 0px !important;}&#8220;][vc_column_text]<\/p>\n<h4><strong>TECHNOLOGIE<\/strong><\/h4>\n<p>Wir verf\u00fcgen \u00fcber <strong>gro\u00dfe Erfahrung<\/strong> bei den neuesten Haustechnikl\u00f6sungen und Solar- und geothermischen Energiesystemen. Das Team ist auf besondere und oft komplexe Einrichtungen spezialisiert. Die meisten H\u00e4user sind mit raffinierten Lichtsteuerungsl\u00f6sungen und intelligenter Automatisierung ausgestattet, die f\u00fcr perfekte Integration und einfache Bedienung entworfen wurden.[\/vc_column_text][\/vc_column][\/vc_row][vc_row css=&#8220;.vc_custom_1508796739733{padding-bottom: 40px !important;background-color: #ffffff !important;}&#8220;][vc_column width=&#8220;1\/3&#8243;][vc_single_image image=&#8220;12049&#8243; img_size=&#8220;full&#8220; alignment=&#8220;center&#8220; css=&#8220;.vc_custom_1599811217063{margin-top: 0px !important;margin-right: 0px !important;margin-left: 0px !important;border-top-width: 0px !important;border-right-width: 0px !important;border-left-width: 0px !important;padding-top: 0px !important;padding-right: 0px !important;padding-left: 0px !important;}&#8220;][vc_column_text]<\/p>\n<h4><strong>TECHNOLOGIE<\/strong><\/h4>\n<p>Wir verf\u00fcgen \u00fcber <strong>gro\u00dfe Erfahrung<\/strong> bei den neuesten Haustechnikl\u00f6sungen und Solar- und geothermischen Energiesystemen. Das Team ist auf besondere und oft komplexe Einrichtungen spezialisiert. Die meisten H\u00e4user sind mit raffinierten Lichtsteuerungsl\u00f6sungen und intelligenter Automatisierung ausgestattet, die f\u00fcr perfekte Integration und einfache Bedienung entworfen wurden.[\/vc_column_text][\/vc_column][vc_column width=&#8220;1\/3&#8243;][vc_single_image image=&#8220;12037&#8243; img_size=&#8220;full&#8220; css=&#8220;.vc_custom_1599811235822{margin-top: 0px !important;margin-right: 0px !important;margin-left: 0px !important;border-top-width: 0px !important;border-right-width: 0px !important;border-left-width: 0px !important;padding-top: 0px !important;padding-right: 0px !important;padding-left: 0px !important;}&#8220;][vc_column_text]<\/p>\n<h4><strong>ZERTIFIZIERTE QUALIT\u00c4T<\/strong><\/h4>\n<p><strong>Die Qualit\u00e4tszertifizierung ISO 9001 und die Umweltzertifizierung ISO 14001<\/strong> b\u00fcrgen f\u00fcr uns, Fragen, f\u00fcr die wir jeden Tag mehr sensibilisiert werden. Zertifizierungen, die im Jahr 2009 erhalten wurden und bis heute \u00fcberpr\u00fcft und erneuert werden.[\/vc_column_text][\/vc_column][vc_column width=&#8220;1\/3&#8243;][vc_single_image image=&#8220;12052&#8243; img_size=&#8220;full&#8220; css=&#8220;.vc_custom_1599811250228{margin-top: 0px !important;margin-right: 0px !important;margin-left: 0px !important;border-top-width: 0px !important;border-right-width: 0px !important;border-left-width: 0px !important;padding-top: 0px !important;padding-right: 0px !important;padding-left: 0px !important;}&#8220;][vc_column_text]<\/p>\n<h4><strong>MEHRWERT<\/strong><\/h4>\n<p>Wir setzen auf <strong>Unternehmenswerte<\/strong>, nicht nur auf unsere Kunden fokussiert, sondern auch auf unsere Arbeiter. Wir tun unser Bestes f\u00fcr die st\u00e4ndige Weiterbildung, um uns weiterhin zu verbessern. Wir nehmen den Datenschutz ernst. Wir pflegen unser Image, um auf der H\u00f6he unserer Kunden zu sein und bieten Gesamtprojektleistungen mit eigener Innenarchitektur- und Ausstattungsabteilung an.[\/vc_column_text][\/vc_column][\/vc_row][vc_row full_width=&#8220;stretch_row_content&#8220; full_height=&#8220;yes&#8220; equal_height=&#8220;yes&#8220; bklyn_overlay=&#8220;true&#8220; parallax=&#8220;content-moving&#8220; animate_once=&#8220;no&#8220; css=&#8220;.vc_custom_1599811490497{background: #0a0a0a url(https:\/\/alibaz.es\/wp-content\/uploads\/2020\/09\/alibaz-parallax-02.jpg?id=12054);}&#8220; bklyn_overlay_color=&#8220;rgba(0, 0, 0, 0.5)&#8220;][vc_column]<div class=\"wpb_content_element \"><style type=\"text\/css\">#ut_header_69e97e3197619 h2.section-title, #ut_header_69e97e3197619 h2.section-title span { color:#f1c40f; }#ut_header_69e97e3197619 h2.section-title{ font-family: \"Roboto\";font-weight:300;font-style:normal; }#ut_header_69e97e3197619 h2.section-title{ font-size: 30px }<\/style><header id=\"ut_header_69e97e3197619\" class=\"section-header  pt-style-7 header-center header-tablet-center header-mobile-center\"><h2 data-title=\"ERFAHRUNG UND PROFESSIONALIT\u00c4T ZUM VERST\u00c4NDNIS DER KUNDENBED\u00dcRFNISSE\"  data-responsive-font=\"section_title\" data-responsive-font-settings=\"{&quot;base-font-size&quot;:&quot;30&quot;}\" class=\"section-title  \"><span><b>ERFAHRUNG UND PROFESSIONALIT\u00c4T<\/b> ZUM VERST\u00c4NDNIS DER KUNDENBED\u00dcRFNISSE<\/span><\/h2><\/header><\/div>[\/vc_column][\/vc_row][vc_section css=&#8220;.vc_custom_1510480329203{padding-top: 100px !important;padding-bottom: 80px !important;background-color: #ffffff !important;}&#8220; bklyn_section_anchor_id=&#8220;EL EQUIPO&#8220;][vc_row content_placement=&#8220;middle&#8220;][vc_column width=&#8220;1\/2&#8243;][vc_column_text]<\/p>\n<h2>DAS TEAM<\/h2>\n<h2><i>\u201eWir sind ein multidisziplin\u00e4res Team. Wir schlie\u00dfen uns zusammen und dies bringt uns voran.\u201c<\/i><\/h2>\n<p><strong>Eduardo L\u00f3pez,<\/strong> Gr\u00fcnder und Gesch\u00e4ftsf\u00fchrer von Alibaz. Seine lange 45-j\u00e4hrige Berufslaufbahn mit praktischer Erfahrung sowohl in Spanien als auch in Deutschland. Er z\u00e4hlt in dieser Branche zu den professionellsten und zuverl\u00e4ssigsten Personen, weswegen er mehr als 8 Jahre lang der Pr\u00e4sident des Bauherrenverbands der Balearen (<em>ACB) <\/em><em>war <\/em>und Vizepr\u00e4sidenten des <em>Unternehmerverbandes der Balearen (CAEB)<\/em> gemacht hat, und auf diese Weise tr\u00e4gt er sein Scherflein f\u00fcr eine stabilere Zukunft des Baus auf den Balearen bei.<\/p>\n<p><strong>Pau Pont,<\/strong> mit 25-j\u00e4hriger Erfahrung im Sektor, hat die technische Leitung inne. Pau arbeitet seit 18 Jahren mit Eduardo L\u00f3pez in die gleiche Richtung und mit der gleichen Rastlosigkeit und Leidenschaft f\u00fcr die gut gemachte Arbeit und bildet daf\u00fcr ein Team erstklassiger Fachleute aus.<\/p>\n<p><strong>Hada L\u00f3pez<\/strong>, <em>stellvertretende Gesch\u00e4ftsf\u00fchrerin, \u00fcbernimmt immer mehr die Aufgaben von Eduardo, au\u00dferdem ist sie f\u00fcr den \u201cMehrwert\u201d zust\u00e4ndig <\/em>und f\u00fchrt die Bereiche Innenarchitektur, Kommunikation, Ausbildung und Datenschutz. Werte, die wir pflegen, sowohl f\u00fcr unsere Kunden, als auch f\u00fcr unsere Arbeiter.<\/p>\n<p><strong>Alma L\u00f3pez<\/strong> ist die Leiterin f\u00fcr \u201eQualit\u00e4t und Umwelt\u201c, eine st\u00e4ndige Arbeit, um unsere T\u00e4tigkeit weiterhin Tag f\u00fcr Tag zu verbessern und um die Zertifizierungen, die dies verb\u00fcrgen, Jahr f\u00fcr Jahr zu erneuern.<\/p>\n<p><strong>Das Team<\/strong> von Alibaz verf\u00fcgt \u00fcber Erfahrung in praktisch allen Feldern des Baus (Sanit\u00e4ranlagen, Flugh\u00e4fen, Bildungseinrichtungen, Sozialwohnungen, Luxuswohnungen etc.)<\/p>\n<p>Unsere Teams k\u00f6nnen alles, von einem Gew\u00f6lbe des 16. Jahrhunderts bis hin zum modernsten Raum, anfertigen oder Herausforderungen wie die so besondere und sensible vedische Architektur.<\/p>\n<p>Und dennoch setzen wir auf st\u00e4ndige Weiterbildung, bei der jedes Jahr neue Kenntnisse \u00fcberpr\u00fcft, aktualisiert oder an unsere Arbeiter weitergegeben werden, damit sie sich weiterhin verbessern und auf jede Herausforderung, die sich uns stellt, vorbereitet sind.[\/vc_column_text][\/vc_column][vc_column width=&#8220;1\/2&#8243;][vc_row_inner equal_height=&#8220;yes&#8220; gap=&#8220;10&#8243; css=&#8220;.vc_custom_1509301489956{margin-top: 0px !important;margin-right: 0px !important;margin-bottom: 0px !important;margin-left: 0px !important;border-top-width: 0px !important;border-right-width: 0px !important;border-bottom-width: 0px !important;border-left-width: 0px !important;padding-top: 0px !important;padding-right: 0px !important;padding-bottom: 0px !important;padding-left: 0px !important;}&#8220;][vc_column_inner width=&#8220;1\/2&#8243; css=&#8220;.vc_custom_1509301419451{margin: 0px !important;border-width: 0px !important;padding: 0px !important;}&#8220;][vc_single_image image=&#8220;12063&#8243; img_size=&#8220;full&#8220; alignment=&#8220;center&#8220; onclick=&#8220;link_image&#8220; css=&#8220;.vc_custom_1599812102320{margin-top: 0px !important;margin-right: 0px !important;margin-bottom: 0px !important;margin-left: 0px !important;border-top-width: 0px !important;border-right-width: 0px !important;border-bottom-width: 0px !important;border-left-width: 0px !important;padding-top: 0px !important;padding-right: 0px !important;padding-bottom: 0px !important;padding-left: 0px !important;}&#8220;][\/vc_column_inner][vc_column_inner width=&#8220;1\/2&#8243; css=&#8220;.vc_custom_1509301435530{margin: 0px !important;border-width: 0px !important;padding: 0px !important;}&#8220;][vc_single_image image=&#8220;6678&#8243; img_size=&#8220;full&#8220; alignment=&#8220;center&#8220; onclick=&#8220;link_image&#8220; css=&#8220;.vc_custom_1509127175080{margin: 0px !important;border-width: 0px !important;padding: 0px !important;}&#8220;][\/vc_column_inner][\/vc_row_inner][vc_row_inner gap=&#8220;10&#8243; css=&#8220;.vc_custom_1509301574730{margin-top: 0px !important;margin-right: 0px !important;margin-bottom: 0px !important;margin-left: 0px !important;border-top-width: 0px !important;border-right-width: 0px !important;border-bottom-width: 0px !important;border-left-width: 0px !important;padding-top: 0px !important;padding-right: 0px !important;padding-bottom: 0px !important;padding-left: 0px !important;}&#8220;][vc_column_inner css=&#8220;.vc_custom_1509301475386{margin: 0px !important;border-width: 0px !important;padding: 0px !important;}&#8220;][vc_single_image image=&#8220;12066&#8243; img_size=&#8220;full&#8220; onclick=&#8220;link_image&#8220; css=&#8220;.vc_custom_1599812086102{margin-top: 0px !important;margin-right: 0px !important;margin-bottom: 0px !important;margin-left: 0px !important;border-top-width: 0px !important;border-right-width: 0px !important;border-bottom-width: 0px !important;border-left-width: 0px !important;padding-top: 0px !important;padding-right: 0px !important;padding-bottom: 0px !important;padding-left: 0px !important;}&#8220;][\/vc_column_inner][\/vc_row_inner][vc_row_inner equal_height=&#8220;yes&#8220; gap=&#8220;10&#8243; css=&#8220;.vc_custom_1509301408267{margin-top: 0px !important;margin-right: 0px !important;margin-bottom: 0px !important;margin-left: 0px !important;border-top-width: 0px !important;border-right-width: 0px !important;border-bottom-width: 0px !important;border-left-width: 0px !important;padding-top: 0px !important;padding-right: 0px !important;padding-bottom: 0px !important;padding-left: 0px !important;}&#8220;][vc_column_inner width=&#8220;1\/3&#8243; css=&#8220;.vc_custom_1509301401533{margin: 0px !important;border-width: 0px !important;padding: 0px !important;}&#8220;][vc_single_image image=&#8220;6680&#8243; img_size=&#8220;full&#8220; alignment=&#8220;center&#8220; css=&#8220;.vc_custom_1509127118408{margin: 0px !important;border-width: 0px !important;padding: 0px !important;}&#8220;][\/vc_column_inner][vc_column_inner width=&#8220;1\/3&#8243; css=&#8220;.vc_custom_1509301391122{margin: 0px !important;border-width: 0px !important;padding: 0px !important;}&#8220;][vc_single_image image=&#8220;6681&#8243; img_size=&#8220;full&#8220; alignment=&#8220;center&#8220; css=&#8220;.vc_custom_1509127129418{margin: 0px !important;border-width: 0px !important;padding: 0px !important;}&#8220;][\/vc_column_inner][vc_column_inner width=&#8220;1\/3&#8243; css=&#8220;.vc_custom_1509301382539{margin: 0px !important;border-width: 0px !important;padding: 0px !important;}&#8220;][vc_single_image image=&#8220;6682&#8243; img_size=&#8220;full&#8220; alignment=&#8220;center&#8220; onclick=&#8220;link_image&#8220; css=&#8220;.vc_custom_1509127144728{margin: 0px !important;border-width: 0px !important;padding: 0px !important;}&#8220;][\/vc_column_inner][\/vc_row_inner][\/vc_column][\/vc_row][\/vc_section][vc_row full_width=&#8220;stretch_row_content&#8220; full_height=&#8220;yes&#8220; equal_height=&#8220;yes&#8220; bklyn_overlay=&#8220;true&#8220; parallax=&#8220;content-moving&#8220; animate_once=&#8220;no&#8220; css=&#8220;.vc_custom_1599812893189{background: #0a0a0a url(https:\/\/alibaz.es\/wp-content\/uploads\/2020\/09\/alibaz-parallax-03.jpg?id=12067);}&#8220; bklyn_overlay_color=&#8220;rgba(0, 0, 0, 0.5)&#8220;][vc_column]<div class=\"wpb_content_element \"><style type=\"text\/css\">#ut_header_69e97e3197abb h2.section-title, #ut_header_69e97e3197abb h2.section-title span { color:#f1c40f; }#ut_header_69e97e3197abb h2.section-title{ font-family: \"Roboto\";font-weight:300;font-style:normal; }#ut_header_69e97e3197abb h2.section-title{ font-size: 30px }<\/style><header id=\"ut_header_69e97e3197abb\" class=\"section-header  pt-style-7 header-center header-tablet-center header-mobile-center\"><h2 data-title=\"WIR SIND EINE FAMILIE, #ALIBAZFAMILIE\"  data-responsive-font=\"section_title\" data-responsive-font-settings=\"{&quot;base-font-size&quot;:&quot;30&quot;}\" class=\"section-title  \"><span>WIR SIND EINE FAMILIE, #ALIBAZ<b>FAMILIE<\/b><\/span><\/h2><\/header><\/div>[\/vc_column][\/vc_row][vc_row full_width=&#8220;&#8220; full_height=&#8220;yes&#8220; equal_height=&#8220;yes&#8220;][vc_column css=&#8220;.vc_custom_1600079181848{margin-top: 0px !important;margin-right: 0px !important;margin-bottom: 0px !important;margin-left: 0px !important;border-top-width: 0px !important;border-right-width: 0px !important;border-bottom-width: 0px !important;border-left-width: 0px !important;padding-top: 0px !important;padding-right: 0px !important;padding-bottom: 0px !important;padding-left: 0px !important;}&#8220;][vc_row_inner css=&#8220;.vc_custom_1600079165042{margin-top: 0px !important;margin-right: 0px !important;margin-bottom: 0px !important;margin-left: 0px !important;border-top-width: 0px !important;border-right-width: 0px !important;border-bottom-width: 0px !important;border-left-width: 0px !important;padding-top: 0px !important;padding-right: 0px !important;padding-bottom: 0px !important;padding-left: 0px !important;}&#8220;][vc_column_inner width=&#8220;1\/2&#8243;]<div  class=\"wpb_content_element   vc_custom_1603101030867 clearfix\"><style type=\"text\/css\">#ut_am_69e97e3198193 { opacity: 1; }#ut_am_wrap_69e97e3198194 .ut-image-gallery-item-caption-title h3 { letter-spacing: 0em; }#ut_am_wrap_69e97e3198194 .ut-gallery-slider-caption { font-weight: bold; }#ut_am_wrap_69e97e3198194 { text-align: center; }@media (min-width: 768px) and (max-width: 1024px) { #ut_am_wrap_69e97e3198194 { text-align: center !important; } }@media (max-width: 767px) { #ut_am_wrap_69e97e3198194 { text-align: center !important; } }<\/style><div id=\"ut_am_wrap_69e97e3198194\" class=\"ut-image-gallery-image \"><div id=\"ut_reveal_69e97e3198195\"  data-appear-top-offset=\"auto\" class=\"ut-animated-image-item ut-image-gallery-item ut-animation-done \"><a class=\"ut-deactivated-link\" href=\"#\"><div class=\"ut-animated-image-zoom\"><img loading=\"lazy\" decoding=\"async\" class=\"ut-lazy skip-lazy ut-animated-image \"  id=\"ut_am_69e97e3198193\" src=\"data:image\/svg+xml;charset=utf-8,%3Csvg xmlns%3D'http%3A%2F%2Fwww.w3.org%2F2000%2Fsvg' viewBox%3D'0 0 980 1361'%2F%3E\" data-src=\"https:\/\/alibaz.es\/wp-content\/uploads\/2020\/10\/numeros_web_DE-01.png\" width=\"980\" height=\"1361\" alt=\"\"\/><\/div><\/a><\/div><\/div><\/div>[\/vc_column_inner][vc_column_inner width=&#8220;1\/2&#8243;]<div  class=\"wpb_content_element   vc_custom_1603101042855 clearfix\"><style type=\"text\/css\">#ut_am_69e97e3198516 { opacity: 1; }#ut_am_wrap_69e97e3198517 .ut-image-gallery-item-caption-title h3 { letter-spacing: 0em; }#ut_am_wrap_69e97e3198517 .ut-gallery-slider-caption { font-weight: bold; }#ut_am_wrap_69e97e3198517 { text-align: center; }@media (min-width: 768px) and (max-width: 1024px) { #ut_am_wrap_69e97e3198517 { text-align: center !important; } }@media (max-width: 767px) { #ut_am_wrap_69e97e3198517 { text-align: center !important; } }<\/style><div id=\"ut_am_wrap_69e97e3198517\" class=\"ut-image-gallery-image \"><div id=\"ut_reveal_69e97e3198518\"  data-appear-top-offset=\"auto\" class=\"ut-animated-image-item ut-image-gallery-item ut-animation-done \"><a class=\"ut-deactivated-link\" href=\"#\"><div class=\"ut-animated-image-zoom\"><img loading=\"lazy\" decoding=\"async\" class=\"ut-lazy skip-lazy ut-animated-image \"  id=\"ut_am_69e97e3198516\" src=\"data:image\/svg+xml;charset=utf-8,%3Csvg xmlns%3D'http%3A%2F%2Fwww.w3.org%2F2000%2Fsvg' viewBox%3D'0 0 980 1361'%2F%3E\" data-src=\"https:\/\/alibaz.es\/wp-content\/uploads\/2020\/10\/numeros_web_DE-02.png\" width=\"980\" height=\"1361\" alt=\"\"\/><\/div><\/a><\/div><\/div><\/div>[\/vc_column_inner][\/vc_row_inner][\/vc_column][\/vc_row][vc_row full_width=&#8220;stretch_row_content&#8220; full_height=&#8220;yes&#8220; equal_height=&#8220;yes&#8220; bklyn_overlay=&#8220;true&#8220; parallax=&#8220;content-moving&#8220; animate_once=&#8220;no&#8220; css=&#8220;.vc_custom_1599813003327{background: #0a0a0a url(https:\/\/alibaz.es\/wp-content\/uploads\/2020\/09\/alibaz-parallax-04.jpg?id=12070);}&#8220; bklyn_overlay_color=&#8220;rgba(0, 0, 0, 0.5)&#8220;][vc_column][\/vc_column][\/vc_row]<\/p>\n<\/div>","protected":false},"excerpt":{"rendered":"<p>[vc_section css=&#8220;.vc_custom_1511088827911{margin-bottom: 0px !important;border-bottom-width: 0px !important;padding-top: 100px !important;padding-bottom: 20px !important;background-color: #151515 !important;}&#8220;][vc_row content_placement=&#8220;bottom&#8220; css=&#8220;.vc_custom_1511090305804{margin-bottom: 0px !important;border-bottom-width: 0px !important;padding-bottom: 0px !important;}&#8220;][vc_column width=&#8220;1\/2&#8243;][vc_row_inner][vc_column_inner][\/vc_column_inner][\/vc_row_inner][vc_column_text] \u201cSpecialists in premium quality construction\u201d Wir befinden uns in einem Umfeld gro\u00dfer Konkurrenz mit einem sehr hohen Anforderungsniveau. Nach der Krise verlangt die aktuelle Situation nach Unternehmen mit sehr qualifiziertem und vielseitigem Personal, um [&hellip;]<\/p>\n","protected":false},"author":4,"featured_media":0,"parent":0,"menu_order":0,"comment_status":"closed","ping_status":"closed","template":"","meta":{"footnotes":""},"class_list":["post-8254","page","type-page","status-publish","hentry"],"_links":{"self":[{"href":"https:\/\/alibaz.es\/de\/wp-json\/wp\/v2\/pages\/8254","targetHints":{"allow":["GET"]}}],"collection":[{"href":"https:\/\/alibaz.es\/de\/wp-json\/wp\/v2\/pages"}],"about":[{"href":"https:\/\/alibaz.es\/de\/wp-json\/wp\/v2\/types\/page"}],"author":[{"embeddable":true,"href":"https:\/\/alibaz.es\/de\/wp-json\/wp\/v2\/users\/4"}],"replies":[{"embeddable":true,"href":"https:\/\/alibaz.es\/de\/wp-json\/wp\/v2\/comments?post=8254"}],"version-history":[{"count":0,"href":"https:\/\/alibaz.es\/de\/wp-json\/wp\/v2\/pages\/8254\/revisions"}],"wp:attachment":[{"href":"https:\/\/alibaz.es\/de\/wp-json\/wp\/v2\/media?parent=8254"}],"curies":[{"name":"wp","href":"https:\/\/api.w.org\/{rel}","templated":true}]}}