{"id":8259,"date":"2017-12-18T23:17:35","date_gmt":"2017-12-18T22:17:35","guid":{"rendered":"https:\/\/alibaz.es\/customer-cases\/"},"modified":"2018-03-13T23:12:06","modified_gmt":"2018-03-13T22:12:06","slug":"kundenorientiert","status":"publish","type":"page","link":"https:\/\/alibaz.es\/de\/kundenorientiert\/","title":{"rendered":"Kundenorientiert"},"content":{"rendered":"<div class=\"wpb-content-wrapper\"><p>[vc_section css=&#8220;.vc_custom_1510699513579{margin-bottom: 0px !important;border-bottom-width: 0px !important;padding-top: 40px !important;padding-bottom: 0px !important;background-color: #151515 !important;}&#8220;][vc_row css=&#8220;.vc_custom_1508794095599{margin-bottom: 0px !important;border-bottom-width: 0px !important;padding-bottom: 0px !important;}&#8220;][vc_column][vc_row_inner][vc_column_inner]<div class=\"wpb_content_element  vc_custom_1520978781914\"><style type=\"text\/css\">#ut_header_69da47c7a29f5 h2.section-title, #ut_header_69da47c7a29f5 h2.section-title span { color:#cccccc; }<\/style><header id=\"ut_header_69da47c7a29f5\" class=\"section-header  ut-no-title-linebreak-mobile ut-no-lead-linebreak-mobile pt-style-7 header-left header-tablet-left header-mobile-center\"><h2 data-title=\"KUNDENORIENTIERT\"  data-responsive-font=\"section_title\" class=\"section-title  \"><span><strong>KUNDENORIENTIERT<\/strong><\/span><\/h2><\/header><\/div>[\/vc_column_inner][\/vc_row_inner][\/vc_column][\/vc_row][vc_row content_placement=&#8220;top&#8220; css=&#8220;.vc_custom_1514196443234{margin-top: 0px !important;border-top-width: 0px !important;padding-top: 40px !important;}&#8220;][vc_column width=&#8220;1\/2&#8243;][vc_custom_heading text=&#8220;<em>\u201eUnser Hauptziel ist die Kundenzufriedenheit. Ihre Bindung. Wir m\u00f6chten, dass sie zur\u00fcckkehren! Und sie kehren zur\u00fcck.\u201c<\/em>&#8220; font_container=&#8220;tag:h2|text_align:left|color:%23cccccc&#8220; google_fonts=&#8220;font_family:Abel%3Aregular|font_style:400%20regular%3A400%3Anormal&#8220;][\/vc_column][vc_column width=&#8220;1\/2&#8243;][vc_column_text]<span style=\"color: #cccccc;\">Gl\u00fccklicherweise haben wir u.a. durch unsere Zufriedenheitsumfragen ein hervorragendes Feedback von fast allen unseren Kunden. Uns bewegt es, dass sie au\u00dferdem eigenh\u00e4ndig Kommentare hinzuf\u00fcgen, um f\u00fcr unsere Arbeit, unseren Umgang und unsere Anstrengung zu danken und zu gratulieren.<br \/>\nWir suchen weiterhin die st\u00e4ndige Verbesserung. Wir suchen neue Bed\u00fcrfnisse, die wir erf\u00fcllen k\u00f6nnen, um unseren Kunden zu helfen, gl\u00fccklicher zu werden.<br \/>\nJedes Projekt ist ein Lebensprojekt und wir freuen uns genauso wie unsere Kunden, weshalb wir ihr Projekt zu unserem machen.<br \/>\n<\/span><br \/>\n[\/vc_column_text][\/vc_column][\/vc_row][\/vc_section][vc_section css=&#8220;.vc_custom_1514196032367{background-color: #151515 !important;}&#8220;][vc_row][vc_column]<div class=\"wpb_content_element  \">\n\t\t\t<!-- START alibaz vimeo gallery REVOLUTION SLIDER 6.7.37 --><p class=\"rs-p-wp-fix\"><\/p>\n\t\t\t<rs-module-wrap id=\"rev_slider_47_1_wrapper\" data-source=\"vimeo\" style=\"visibility:hidden;background:#000000;padding:0;margin:0px auto;margin-top:0;margin-bottom:0;\">\n\t\t\t\t<rs-module id=\"rev_slider_47_1\" style=\"\" data-version=\"6.7.37\">\n\t\t\t\t\t<rs-slides style=\"overflow: hidden; position: absolute;\">\n\t\t\t\t\t\t<rs-slide style=\"position: absolute;\" data-key=\"rs-254276833\" data-title=\"ALIBAZ #reallives PRECISI\u00d3N\" data-anim=\"ms:1500;\" data-in=\"y:-100%;e:power3.inOut;\" data-out=\"sx:0.85;sy:0.85;e:power3.inOut;\" data-p1=\"5. Februar 2018\">\n\t\t\t\t\t\t\t<img decoding=\"async\" src=\"\/\/alibaz.es\/wp-content\/plugins\/revslider\/sr6\/assets\/assets\/dummy.png\" alt=\"\" class=\"rev-slidebg tp-rs-img rs-lazyload\" data-lazyload=\"\/\/i.vimeocdn.com\/video\/681382766-3b723359effb614c35b8ef72ee9d9a5afa4109fefb38e05fd9eb3d1f0ba12918-d_640?region=us\" data-bg=\"f:100% 0%;\" data-no-retina>\n<!--\n\t\t\t\t\t\t\t--><rs-layer\n\t\t\t\t\t\t\t\tid=\"slider-47-slide-254276833-layer-1\" \n\t\t\t\t\t\t\t\tclass=\"rs-layer-video intrinsic-ignore\"\n\t\t\t\t\t\t\t\tdata-type=\"video\"\n\t\t\t\t\t\t\t\tdata-rsp_ch=\"on\"\n\t\t\t\t\t\t\t\tdata-text=\"l:22;\"\n\t\t\t\t\t\t\t\tdata-dim=\"w:1230;h:692;\"\n\t\t\t\t\t\t\t\tdata-video=\"twa:false;vd:100;l:none;ptimer:true;sav:f;vc:false;\"\n\t\t\t\t\t\t\t\tdata-vimeoid=\"254276833\"\n\t\t\t\t\t\t\t\tdata-vatr=\"background=1&amp;title=0&amp;byline=0&amp;portrait=0&amp;api=1\"\n\t\t\t\t\t\t\t\tdata-frame_0=\"tp:600;\"\n\t\t\t\t\t\t\t\tdata-frame_1=\"tp:600;e:power1.inOut;st:1000;sp:700;\"\n\t\t\t\t\t\t\t\tdata-frame_999=\"o:0;tp:600;e:power1.inOut;st:w;sp:700;\"\n\t\t\t\t\t\t\t\tstyle=\"z-index:5;\"\n\t\t\t\t\t\t\t>\n\t\t\t\t\t\t\t<\/rs-layer><!--\n-->\t\t\t\t\t<\/rs-slide>\n\t\t\t\t\t\t<rs-slide style=\"position: absolute;\" data-key=\"rs-252492433\" data-title=\"ALIBAZ #reallives IT&#039;S NEVER THE SAME\" data-anim=\"ms:1500;\" data-in=\"y:-100%;e:power3.inOut;\" data-out=\"sx:0.85;sy:0.85;e:power3.inOut;\" data-p1=\"24. Januar 2018\">\n\t\t\t\t\t\t\t<img decoding=\"async\" src=\"\/\/alibaz.es\/wp-content\/plugins\/revslider\/sr6\/assets\/assets\/dummy.png\" alt=\"\" class=\"rev-slidebg tp-rs-img rs-lazyload\" data-lazyload=\"\/\/i.vimeocdn.com\/video\/679144481-8361644a356eaed02e6d15d5618f637be8e3cf0ef0c20712ebb046aa85954206-d_640?region=us\" data-bg=\"f:100% 0%;\" data-no-retina>\n<!--\n\t\t\t\t\t\t\t--><rs-layer\n\t\t\t\t\t\t\t\tid=\"slider-47-slide-252492433-layer-1\" \n\t\t\t\t\t\t\t\tclass=\"rs-layer-video intrinsic-ignore\"\n\t\t\t\t\t\t\t\tdata-type=\"video\"\n\t\t\t\t\t\t\t\tdata-rsp_ch=\"on\"\n\t\t\t\t\t\t\t\tdata-text=\"l:22;\"\n\t\t\t\t\t\t\t\tdata-dim=\"w:1230;h:692;\"\n\t\t\t\t\t\t\t\tdata-video=\"twa:false;vd:100;l:none;ptimer:true;sav:f;vc:false;\"\n\t\t\t\t\t\t\t\tdata-vimeoid=\"252492433\"\n\t\t\t\t\t\t\t\tdata-vatr=\"background=1&amp;title=0&amp;byline=0&amp;portrait=0&amp;api=1\"\n\t\t\t\t\t\t\t\tdata-frame_0=\"tp:600;\"\n\t\t\t\t\t\t\t\tdata-frame_1=\"tp:600;e:power1.inOut;st:1000;sp:700;\"\n\t\t\t\t\t\t\t\tdata-frame_999=\"o:0;tp:600;e:power1.inOut;st:w;sp:700;\"\n\t\t\t\t\t\t\t\tstyle=\"z-index:5;\"\n\t\t\t\t\t\t\t>\n\t\t\t\t\t\t\t<\/rs-layer><!--\n-->\t\t\t\t\t<\/rs-slide>\n\t\t\t\t\t\t<rs-slide style=\"position: absolute;\" data-key=\"rs-247123498\" data-title=\"ALIBAZ #reallives MI LAPIZ\" data-anim=\"ms:1500;\" data-in=\"y:-100%;e:power3.inOut;\" data-out=\"sx:0.85;sy:0.85;e:power3.inOut;\" data-p1=\"13. Dezember 2017\">\n\t\t\t\t\t\t\t<img decoding=\"async\" src=\"\/\/alibaz.es\/wp-content\/plugins\/revslider\/sr6\/assets\/assets\/dummy.png\" alt=\"\" class=\"rev-slidebg tp-rs-img rs-lazyload\" data-lazyload=\"\/\/i.vimeocdn.com\/video\/672284624-ffdd912b50a2aa8e85110e659187f3f532dc948e3a6a1bd6aac4b2561848b3e7-d_640?region=us\" data-bg=\"f:100% 0%;\" data-no-retina>\n<!--\n\t\t\t\t\t\t\t--><rs-layer\n\t\t\t\t\t\t\t\tid=\"slider-47-slide-247123498-layer-1\" \n\t\t\t\t\t\t\t\tclass=\"rs-layer-video intrinsic-ignore\"\n\t\t\t\t\t\t\t\tdata-type=\"video\"\n\t\t\t\t\t\t\t\tdata-rsp_ch=\"on\"\n\t\t\t\t\t\t\t\tdata-text=\"l:22;\"\n\t\t\t\t\t\t\t\tdata-dim=\"w:1230;h:692;\"\n\t\t\t\t\t\t\t\tdata-video=\"twa:false;vd:100;l:none;ptimer:true;sav:f;vc:false;\"\n\t\t\t\t\t\t\t\tdata-vimeoid=\"247123498\"\n\t\t\t\t\t\t\t\tdata-vatr=\"background=1&amp;title=0&amp;byline=0&amp;portrait=0&amp;api=1\"\n\t\t\t\t\t\t\t\tdata-frame_0=\"tp:600;\"\n\t\t\t\t\t\t\t\tdata-frame_1=\"tp:600;e:power1.inOut;st:1000;sp:700;\"\n\t\t\t\t\t\t\t\tdata-frame_999=\"o:0;tp:600;e:power1.inOut;st:w;sp:700;\"\n\t\t\t\t\t\t\t\tstyle=\"z-index:5;\"\n\t\t\t\t\t\t\t>\n\t\t\t\t\t\t\t<\/rs-layer><!--\n-->\t\t\t\t\t<\/rs-slide>\n\t\t\t\t\t\t<rs-slide style=\"position: absolute;\" data-key=\"rs-244805588\" data-title=\"ALIBAZ #reallives REFUGIO MILLENNIAL\" data-anim=\"ms:1500;\" data-in=\"y:-100%;e:power3.inOut;\" data-out=\"sx:0.85;sy:0.85;e:power3.inOut;\" data-p1=\"28. November 2017\">\n\t\t\t\t\t\t\t<img decoding=\"async\" src=\"\/\/alibaz.es\/wp-content\/plugins\/revslider\/sr6\/assets\/assets\/dummy.png\" alt=\"\" class=\"rev-slidebg tp-rs-img rs-lazyload\" data-lazyload=\"\/\/i.vimeocdn.com\/video\/669300910-10eb58e2cff7fed3fc5499c83516d18174cd72e4f03f0bd43feeedbe117a81e6-d_640?region=us\" data-bg=\"f:100% 0%;\" data-no-retina>\n<!--\n\t\t\t\t\t\t\t--><rs-layer\n\t\t\t\t\t\t\t\tid=\"slider-47-slide-244805588-layer-1\" \n\t\t\t\t\t\t\t\tclass=\"rs-layer-video intrinsic-ignore\"\n\t\t\t\t\t\t\t\tdata-type=\"video\"\n\t\t\t\t\t\t\t\tdata-rsp_ch=\"on\"\n\t\t\t\t\t\t\t\tdata-text=\"l:22;\"\n\t\t\t\t\t\t\t\tdata-dim=\"w:1230;h:692;\"\n\t\t\t\t\t\t\t\tdata-video=\"twa:false;vd:100;l:none;ptimer:true;sav:f;vc:false;\"\n\t\t\t\t\t\t\t\tdata-vimeoid=\"244805588\"\n\t\t\t\t\t\t\t\tdata-vatr=\"background=1&amp;title=0&amp;byline=0&amp;portrait=0&amp;api=1\"\n\t\t\t\t\t\t\t\tdata-frame_0=\"tp:600;\"\n\t\t\t\t\t\t\t\tdata-frame_1=\"tp:600;e:power1.inOut;st:1000;sp:700;\"\n\t\t\t\t\t\t\t\tdata-frame_999=\"o:0;tp:600;e:power1.inOut;st:w;sp:700;\"\n\t\t\t\t\t\t\t\tstyle=\"z-index:5;\"\n\t\t\t\t\t\t\t>\n\t\t\t\t\t\t\t<\/rs-layer><!--\n-->\t\t\t\t\t<\/rs-slide>\n\t\t\t\t\t\t<rs-slide style=\"position: absolute;\" data-key=\"rs-244802703\" data-title=\"ALIBAZ #reallives FAMILY HOME\" data-anim=\"ms:1500;\" data-in=\"y:-100%;e:power3.inOut;\" data-out=\"sx:0.85;sy:0.85;e:power3.inOut;\" data-p1=\"28. November 2017\">\n\t\t\t\t\t\t\t<img decoding=\"async\" src=\"\/\/alibaz.es\/wp-content\/plugins\/revslider\/sr6\/assets\/assets\/dummy.png\" alt=\"\" class=\"rev-slidebg tp-rs-img rs-lazyload\" data-lazyload=\"\/\/i.vimeocdn.com\/video\/669296287-828af55c0254dcc2c5cbb6e388381005bb6596ed4744aaa6efc951e17ef01c14-d_640?region=us\" data-bg=\"f:100% 0%;\" data-no-retina>\n<!--\n\t\t\t\t\t\t\t--><rs-layer\n\t\t\t\t\t\t\t\tid=\"slider-47-slide-244802703-layer-1\" \n\t\t\t\t\t\t\t\tclass=\"rs-layer-video intrinsic-ignore\"\n\t\t\t\t\t\t\t\tdata-type=\"video\"\n\t\t\t\t\t\t\t\tdata-rsp_ch=\"on\"\n\t\t\t\t\t\t\t\tdata-text=\"l:22;\"\n\t\t\t\t\t\t\t\tdata-dim=\"w:1230;h:692;\"\n\t\t\t\t\t\t\t\tdata-video=\"twa:false;vd:100;l:none;ptimer:true;sav:f;vc:false;\"\n\t\t\t\t\t\t\t\tdata-vimeoid=\"244802703\"\n\t\t\t\t\t\t\t\tdata-vatr=\"background=1&amp;title=0&amp;byline=0&amp;portrait=0&amp;api=1\"\n\t\t\t\t\t\t\t\tdata-frame_0=\"tp:600;\"\n\t\t\t\t\t\t\t\tdata-frame_1=\"tp:600;e:power1.inOut;st:1000;sp:700;\"\n\t\t\t\t\t\t\t\tdata-frame_999=\"o:0;tp:600;e:power1.inOut;st:w;sp:700;\"\n\t\t\t\t\t\t\t\tstyle=\"z-index:5;\"\n\t\t\t\t\t\t\t>\n\t\t\t\t\t\t\t<\/rs-layer><!--\n-->\t\t\t\t\t<\/rs-slide>\n\t\t\t\t\t<\/rs-slides>\n\t\t\t\t<\/rs-module>\n\t\t\t\t<script>\n\t\t\t\t\tsetREVStartSize({c: 'rev_slider_47_1',rl:[1240,1024,778,480],el:[],gw:[1230],gh:[692],type:'standard',justify:'',layout:'fullwidth',thumbh:\"173\",mh:\"0\"});if (window.RS_MODULES!==undefined && window.RS_MODULES.modules!==undefined && window.RS_MODULES.modules[\"revslider471\"]!==undefined) {window.RS_MODULES.modules[\"revslider471\"].once = false;window.revapi47 = undefined;if (window.RS_MODULES.checkMinimal!==undefined) window.RS_MODULES.checkMinimal()}\n\t\t\t\t<\/script>\n\t\t\t<\/rs-module-wrap>\n\t\t\t<!-- END REVOLUTION SLIDER -->\n<\/div>[\/vc_column][\/vc_row][\/vc_section][vc_section css=&#8220;.vc_custom_1510699365722{background-color: #151515 !important;}&#8220;][vc_row equal_height=&#8220;yes&#8220; parallax=&#8220;content-moving&#8220; parallax_image=&#8220;7583&#8243; bklyn_overlay=&#8220;true&#8220; bklyn_overlay_color=&#8220;rgba(0,0,0,0.6)&#8220;][vc_column][vc_custom_heading text=&#8220;<b>EXPERIENCE AND PROFESSIONALISM<\/b><br \/>\nTO UNDERSTAND OUR CUSTOMERS\u2019 NEEDS<br \/>\n&#8220; font_container=&#8220;tag:h2|font_size:2em|text_align:center|color:%23f1c40f&#8220; google_fonts=&#8220;font_family:Roboto%3A100%2C100italic%2C300%2C300italic%2Cregular%2Citalic%2C500%2C500italic%2C700%2C700italic%2C900%2C900italic|font_style:300%20light%20regular%3A300%3Anormal&#8220; css=&#8220;.vc_custom_1517654528428{padding-top: 300px !important;padding-bottom: 300px !important;}&#8220;][\/vc_column][\/vc_row][\/vc_section]<\/p>\n<\/div>","protected":false},"excerpt":{"rendered":"<p>[vc_section css=&#8220;.vc_custom_1510699513579{margin-bottom: 0px !important;border-bottom-width: 0px !important;padding-top: 40px !important;padding-bottom: 0px !important;background-color: #151515 !important;}&#8220;][vc_row css=&#8220;.vc_custom_1508794095599{margin-bottom: 0px !important;border-bottom-width: 0px !important;padding-bottom: 0px !important;}&#8220;][vc_column][vc_row_inner][vc_column_inner][\/vc_column_inner][\/vc_row_inner][\/vc_column][\/vc_row][vc_row content_placement=&#8220;top&#8220; css=&#8220;.vc_custom_1514196443234{margin-top: 0px !important;border-top-width: 0px !important;padding-top: 40px !important;}&#8220;][vc_column width=&#8220;1\/2&#8243;][vc_custom_heading text=&#8220;\u201eUnser Hauptziel ist die Kundenzufriedenheit. Ihre Bindung. Wir m\u00f6chten, dass sie zur\u00fcckkehren! Und sie kehren zur\u00fcck.\u201c&#8220; font_container=&#8220;tag:h2|text_align:left|color:%23cccccc&#8220; google_fonts=&#8220;font_family:Abel%3Aregular|font_style:400%20regular%3A400%3Anormal&#8220;][\/vc_column][vc_column width=&#8220;1\/2&#8243;][vc_column_text]Gl\u00fccklicherweise haben wir u.a. durch unsere Zufriedenheitsumfragen ein hervorragendes [&hellip;]<\/p>\n","protected":false},"author":4,"featured_media":0,"parent":0,"menu_order":0,"comment_status":"closed","ping_status":"closed","template":"","meta":{"footnotes":""},"class_list":["post-8259","page","type-page","status-publish","hentry"],"_links":{"self":[{"href":"https:\/\/alibaz.es\/de\/wp-json\/wp\/v2\/pages\/8259","targetHints":{"allow":["GET"]}}],"collection":[{"href":"https:\/\/alibaz.es\/de\/wp-json\/wp\/v2\/pages"}],"about":[{"href":"https:\/\/alibaz.es\/de\/wp-json\/wp\/v2\/types\/page"}],"author":[{"embeddable":true,"href":"https:\/\/alibaz.es\/de\/wp-json\/wp\/v2\/users\/4"}],"replies":[{"embeddable":true,"href":"https:\/\/alibaz.es\/de\/wp-json\/wp\/v2\/comments?post=8259"}],"version-history":[{"count":0,"href":"https:\/\/alibaz.es\/de\/wp-json\/wp\/v2\/pages\/8259\/revisions"}],"wp:attachment":[{"href":"https:\/\/alibaz.es\/de\/wp-json\/wp\/v2\/media?parent=8259"}],"curies":[{"name":"wp","href":"https:\/\/api.w.org\/{rel}","templated":true}]}}