{"id":12091,"date":"2020-09-11T12:11:20","date_gmt":"2020-09-11T10:11:20","guid":{"rendered":"https:\/\/alibaz.es\/alibaz-copy\/"},"modified":"2021-01-25T23:18:41","modified_gmt":"2021-01-25T22:18:41","slug":"commitment","status":"publish","type":"page","link":"https:\/\/alibaz.es\/en\/commitment\/","title":{"rendered":"Commitment"},"content":{"rendered":"<div class=\"wpb-content-wrapper\"><p>[vc_section content_placement=&#8221;middle&#8221; css=&#8221;.vc_custom_1602254727608{margin-bottom: 0px !important;border-bottom-width: 0px !important;padding-bottom: 0px !important;background-color: #151515 !important;}&#8221;][vc_row equal_height=&#8221;yes&#8221; content_placement=&#8221;middle&#8221; css=&#8221;.vc_custom_1601897569999{padding-top: 80px !important;}&#8221;][vc_column width=&#8221;2\/5&#8243;][vc_column_text]<\/p>\n<h2><span style=\"color: #cccccc;\">COMMITMENT TO QUALITY<\/span><\/h2>\n<p><span style=\"color: #cccccc;\">Quality is in every step, in every detail. Both in what you see and in what you don\u2019t see.<\/span><\/p>\n<p><span style=\"color: #cccccc;\">The training and motivation of our workers and the compliance with our strict management and implementation protocols guarantee our ISO 9001 certification.<\/span><\/p>\n<p><span style=\"color: #cccccc;\">Our ultimate goal: full customer satisfaction.<\/span><\/p>\n<p>[\/vc_column_text][\/vc_column][vc_column width=&#8221;3\/5&#8243;][vc_row_inner][vc_column_inner width=&#8221;1\/2&#8243;]<div  class=\"wpb_content_element   clearfix\"><style type=\"text\/css\">#ut_am_69e9aa758d495 { opacity: 1; }#ut_am_wrap_69e9aa758d496 .ut-image-gallery-item-caption-title h3 { letter-spacing: 0em; }#ut_am_wrap_69e9aa758d496 .ut-gallery-slider-caption { font-weight: bold; }#ut_am_wrap_69e9aa758d496 { text-align: left; }@media (min-width: 768px) and (max-width: 1024px) { #ut_am_wrap_69e9aa758d496 { text-align: left !important; } }@media (max-width: 767px) { #ut_am_wrap_69e9aa758d496 { text-align: center !important; } }<\/style><div id=\"ut_am_wrap_69e9aa758d496\" class=\"ut-image-gallery-image \"><div id=\"ut_reveal_69e9aa758d497\"  data-appear-top-offset=\"auto\" class=\"ut-animated-image-item ut-image-gallery-item ut-animation-done \"><a class=\"ut-deactivated-link\" href=\"#\"><div class=\"ut-animated-image-zoom\"><img loading=\"lazy\" decoding=\"async\" class=\"ut-lazy skip-lazy ut-animated-image \"  id=\"ut_am_69e9aa758d495\" src=\"data:image\/svg+xml;charset=utf-8,%3Csvg xmlns%3D'http%3A%2F%2Fwww.w3.org%2F2000%2Fsvg' viewBox%3D'0 0 867 867'%2F%3E\" data-src=\"https:\/\/alibaz.es\/wp-content\/uploads\/2020\/10\/logos-calidad.jpg\" width=\"867\" height=\"867\" alt=\"\"\/><\/div><\/a><\/div><\/div><\/div>[\/vc_column_inner][vc_column_inner width=&#8221;1\/2&#8243;]<div  class=\"wpb_content_element   clearfix\"><style type=\"text\/css\">#ut_am_69e9aa758d8ff { opacity: 1; }#ut_am_wrap_69e9aa758d900 .ut-image-gallery-item-caption-title h3 { letter-spacing: 0em; }#ut_am_wrap_69e9aa758d900 .ut-gallery-slider-caption { font-weight: bold; }#ut_am_wrap_69e9aa758d900 { text-align: left; }@media (min-width: 768px) and (max-width: 1024px) { #ut_am_wrap_69e9aa758d900 { text-align: left !important; } }@media (max-width: 767px) { #ut_am_wrap_69e9aa758d900 { text-align: center !important; } }<\/style><div id=\"ut_am_wrap_69e9aa758d900\" class=\"ut-image-gallery-image \"><div id=\"ut_reveal_69e9aa758d901\"  data-appear-top-offset=\"auto\" class=\"ut-animated-image-item ut-image-gallery-item ut-animation-done \"><a class=\"ut-deactivated-link\" href=\"#\"><div class=\"ut-animated-image-zoom\"><img loading=\"lazy\" decoding=\"async\" class=\"ut-lazy skip-lazy ut-animated-image \"  id=\"ut_am_69e9aa758d8ff\" src=\"data:image\/svg+xml;charset=utf-8,%3Csvg xmlns%3D'http%3A%2F%2Fwww.w3.org%2F2000%2Fsvg' viewBox%3D'0 0 867 867'%2F%3E\" data-src=\"https:\/\/alibaz.es\/wp-content\/uploads\/2020\/10\/compromiso-calidad.jpg\" width=\"867\" height=\"867\" alt=\"\"\/><\/div><\/a><\/div><\/div><\/div>[\/vc_column_inner][\/vc_row_inner][\/vc_column][\/vc_row][vc_row equal_height=&#8221;yes&#8221; content_placement=&#8221;middle&#8221; css=&#8221;.vc_custom_1602254021205{background-color: #151515 !important;}&#8221;][vc_column width=&#8221;2\/5&#8243;][vc_column_text]<\/p>\n<h2><span style=\"color: #cccccc;\">COMMITMENT TO THE ENVIRONMENT<\/span><\/h2>\n<p><span style=\"color: #cccccc;\">The importance of the environment is indisputable.<\/span><\/p>\n<p><span style=\"color: #cccccc;\">We hold the ISO 14001 certification because we care, and we are committed to our environmental performance.<\/span><\/p>\n<p><span style=\"color: #cccccc;\">And we want to give something back. With our \u201cGive a tree\u201d initiative, which we give as a gift to our customers at the end of the work, we help the reforestation work in our country.<\/span><\/p>\n<p>[\/vc_column_text][\/vc_column][vc_column width=&#8221;3\/5&#8243;][vc_row_inner content_placement=&#8221;middle&#8221;][vc_column_inner width=&#8221;1\/2&#8243;]<div  class=\"wpb_content_element   clearfix\"><style type=\"text\/css\">#ut_am_69e9aa758dd77 { opacity: 1; }#ut_am_wrap_69e9aa758dd78 .ut-image-gallery-item-caption-title h3 { letter-spacing: 0em; }#ut_am_wrap_69e9aa758dd78 .ut-gallery-slider-caption { font-weight: bold; }#ut_am_wrap_69e9aa758dd78 { text-align: left; }@media (min-width: 768px) and (max-width: 1024px) { #ut_am_wrap_69e9aa758dd78 { text-align: left !important; } }@media (max-width: 767px) { #ut_am_wrap_69e9aa758dd78 { text-align: center !important; } }<\/style><div id=\"ut_am_wrap_69e9aa758dd78\" class=\"ut-image-gallery-image \"><div id=\"ut_reveal_69e9aa758dd79\"  data-appear-top-offset=\"auto\" class=\"ut-animated-image-item ut-image-gallery-item ut-animation-done \"><a class=\"ut-deactivated-link\" href=\"#\"><div class=\"ut-animated-image-zoom\"><img loading=\"lazy\" decoding=\"async\" class=\"ut-lazy skip-lazy ut-animated-image \"  id=\"ut_am_69e9aa758dd77\" src=\"data:image\/svg+xml;charset=utf-8,%3Csvg xmlns%3D'http%3A%2F%2Fwww.w3.org%2F2000%2Fsvg' viewBox%3D'0 0 867 867'%2F%3E\" data-src=\"https:\/\/alibaz.es\/wp-content\/uploads\/2020\/10\/logos-medio-ambiente.jpg\" width=\"867\" height=\"867\" alt=\"\"\/><\/div><\/a><\/div><\/div><\/div>[\/vc_column_inner][vc_column_inner width=&#8221;1\/2&#8243;]<div  class=\"wpb_content_element   clearfix\"><style type=\"text\/css\">#ut_am_69e9aa758e1ae { opacity: 1; }#ut_am_wrap_69e9aa758e1af .ut-image-gallery-item-caption-title h3 { letter-spacing: 0em; }#ut_am_wrap_69e9aa758e1af .ut-gallery-slider-caption { font-weight: bold; }#ut_am_wrap_69e9aa758e1af { text-align: left; }@media (min-width: 768px) and (max-width: 1024px) { #ut_am_wrap_69e9aa758e1af { text-align: left !important; } }@media (max-width: 767px) { #ut_am_wrap_69e9aa758e1af { text-align: center !important; } }<\/style><div id=\"ut_am_wrap_69e9aa758e1af\" class=\"ut-image-gallery-image \"><div id=\"ut_reveal_69e9aa758e1b0\"  data-appear-top-offset=\"auto\" class=\"ut-animated-image-item ut-image-gallery-item ut-animation-done \"><a class=\"ut-deactivated-link\" href=\"#\"><div class=\"ut-animated-image-zoom\"><img loading=\"lazy\" decoding=\"async\" class=\"ut-lazy skip-lazy ut-animated-image \"  id=\"ut_am_69e9aa758e1ae\" src=\"data:image\/svg+xml;charset=utf-8,%3Csvg xmlns%3D'http%3A%2F%2Fwww.w3.org%2F2000%2Fsvg' viewBox%3D'0 0 867 867'%2F%3E\" data-src=\"https:\/\/alibaz.es\/wp-content\/uploads\/2020\/10\/compromiso-medio-ambiental.jpg\" width=\"867\" height=\"867\" alt=\"\"\/><\/div><\/a><\/div><\/div><\/div>[\/vc_column_inner][\/vc_row_inner][\/vc_column][vc_column css=&#8221;.vc_custom_1602254768433{padding-top: 60px !important;}&#8221;]<style type=\"text\/css\">#bklyn_btn_69e9aa758e21a .bklyn-btn { color:#f1c40f !important; background-color:#151515 !important; }#bklyn_btn_69e9aa758e21a .bklyn-btn:hover{ color:#ffffff !important; }#bklyn_btn_69e9aa758e21a .bklyn-btn:focus{ color:#ffffff !important; }#bklyn_btn_69e9aa758e21a .bklyn-btn:active { color:#ffffff !important; }<\/style><div id=\"bklyn_btn_69e9aa758e21a\" class=\"bklyn-btn-holder  bklyn-btn-center bklyn-btn-tablet-center bklyn-btn-mobile-center\"><a title=\"\"   href=\"https:\/\/alibaz.es\/wp-content\/uploads\/2021\/01\/carta-politica-2020.pdf\" target=\"_blank\" class=\"bklyn-btn  bklyn-btn-icon-left bklyn-btn-normal\" ><i class=\"BklynIcons-Download\"><\/i><span class=\"ut-btn-text\">Pol\u00edtica Integrada de Calidad, Medio Ambiente y Prevenci\u00f3n de Riesgos Laborales. Alcance del Sistema de Gesti\u00f3n<\/span><\/a><\/div>[\/vc_column][\/vc_row][\/vc_section][vc_row equal_height=&#8221;yes&#8221; content_placement=&#8221;middle&#8221; css=&#8221;.vc_custom_1602254827657{margin-top: 0px !important;border-top-width: 0px !important;padding-top: 0px !important;background-color: #151515 !important;}&#8221;][vc_column width=&#8221;2\/5&#8243;][vc_column_text]<\/p>\n<h2><span style=\"color: #cccccc;\">COMMITMENT TO SAFETY<\/span><\/h2>\n<p><span style=\"color: #cccccc;\">Safety is one of the most important and complex factors in our work environment. We take care of the details every day to try and work in an environment that is as controlled and safe as possible, and we train our workers continuously.<\/span><\/p>\n<p><span style=\"color: #cccccc;\">It\u2019s not about learning a lesson, it\u2019s about feeling it\u2019s the only option.<\/span><\/p>\n<p><span style=\"color: #cccccc;\">We take care of each other, empowering each and every one of our workers, giving them the invisible wings of a guardian angel.<br \/>\nIt\u2019s not just for you, it\u2019s for everyone.<\/span><\/p>\n<p>[\/vc_column_text][\/vc_column][vc_column width=&#8221;3\/5&#8243;][vc_row_inner content_placement=&#8221;middle&#8221;][vc_column_inner width=&#8221;1\/2&#8243;]<div  class=\"wpb_content_element   clearfix\"><style type=\"text\/css\">#ut_am_69e9aa758e675 { opacity: 1; }#ut_am_wrap_69e9aa758e676 .ut-image-gallery-item-caption-title h3 { letter-spacing: 0em; }#ut_am_wrap_69e9aa758e676 .ut-gallery-slider-caption { font-weight: bold; }#ut_am_wrap_69e9aa758e676 { text-align: left; }@media (min-width: 768px) and (max-width: 1024px) { #ut_am_wrap_69e9aa758e676 { text-align: left !important; } }@media (max-width: 767px) { #ut_am_wrap_69e9aa758e676 { text-align: center !important; } }<\/style><div id=\"ut_am_wrap_69e9aa758e676\" class=\"ut-image-gallery-image \"><div id=\"ut_reveal_69e9aa758e677\"  data-appear-top-offset=\"auto\" class=\"ut-animated-image-item ut-image-gallery-item ut-animation-done \"><a class=\"ut-deactivated-link\" href=\"#\"><div class=\"ut-animated-image-zoom\"><img loading=\"lazy\" decoding=\"async\" class=\"ut-lazy skip-lazy ut-animated-image \"  id=\"ut_am_69e9aa758e675\" src=\"data:image\/svg+xml;charset=utf-8,%3Csvg xmlns%3D'http%3A%2F%2Fwww.w3.org%2F2000%2Fsvg' viewBox%3D'0 0 867 867'%2F%3E\" data-src=\"https:\/\/alibaz.es\/wp-content\/uploads\/2020\/10\/logo-seguridad.jpg\" width=\"867\" height=\"867\" alt=\"\"\/><\/div><\/a><\/div><\/div><\/div>[\/vc_column_inner][vc_column_inner width=&#8221;1\/2&#8243;]<div  class=\"wpb_content_element   clearfix\"><style type=\"text\/css\">#ut_am_69e9aa758ea8b { opacity: 1; }#ut_am_wrap_69e9aa758ea8c .ut-image-gallery-item-caption-title h3 { letter-spacing: 0em; }#ut_am_wrap_69e9aa758ea8c .ut-gallery-slider-caption { font-weight: bold; }#ut_am_wrap_69e9aa758ea8c { text-align: left; }@media (min-width: 768px) and (max-width: 1024px) { #ut_am_wrap_69e9aa758ea8c { text-align: left !important; } }@media (max-width: 767px) { #ut_am_wrap_69e9aa758ea8c { text-align: center !important; } }<\/style><div id=\"ut_am_wrap_69e9aa758ea8c\" class=\"ut-image-gallery-image \"><div id=\"ut_reveal_69e9aa758ea8d\"  data-appear-top-offset=\"auto\" class=\"ut-animated-image-item ut-image-gallery-item ut-animation-done \"><a class=\"ut-deactivated-link\" href=\"#\"><div class=\"ut-animated-image-zoom\"><img loading=\"lazy\" decoding=\"async\" class=\"ut-lazy skip-lazy ut-animated-image \"  id=\"ut_am_69e9aa758ea8b\" src=\"data:image\/svg+xml;charset=utf-8,%3Csvg xmlns%3D'http%3A%2F%2Fwww.w3.org%2F2000%2Fsvg' viewBox%3D'0 0 867 867'%2F%3E\" data-src=\"https:\/\/alibaz.es\/wp-content\/uploads\/2020\/10\/compromiso-seguridad.jpg\" width=\"867\" height=\"867\" alt=\"\"\/><\/div><\/a><\/div><\/div><\/div>[\/vc_column_inner][\/vc_row_inner][\/vc_column][\/vc_row][vc_row equal_height=&#8221;yes&#8221; content_placement=&#8221;middle&#8221; css=&#8221;.vc_custom_1601885084785{padding-top: 80px !important;padding-bottom: 80px !important;background-color: #151515 !important;}&#8221;][vc_column width=&#8221;2\/5&#8243;][vc_column_text]<\/p>\n<h2><span style=\"color: #cccccc;\">SOCIAL COMMITMENT<\/span><\/h2>\n<p><span style=\"color: #cccccc;\">Alibaz is a family and that means we take care of our own. But focussing only on family isn\u2019t enough these days; we also have to make efforts to contribute to bettering the world around us, either at a local level with the help of meal centres, at a national level with the publishing of stories for sick children in hospitals, or at an international level, by building houses for the most disadvantaged. It is a responsibility that falls on us all.<\/span><\/p>\n<p>[\/vc_column_text][\/vc_column][vc_column width=&#8221;3\/5&#8243;][vc_row_inner content_placement=&#8221;middle&#8221;][vc_column_inner width=&#8221;1\/2&#8243;]<div  class=\"wpb_content_element   clearfix\"><style type=\"text\/css\">#ut_am_69e9aa758eeac { opacity: 1; }#ut_am_wrap_69e9aa758eead .ut-image-gallery-item-caption-title h3 { letter-spacing: 0em; }#ut_am_wrap_69e9aa758eead .ut-gallery-slider-caption { font-weight: bold; }#ut_am_wrap_69e9aa758eead { text-align: left; }@media (min-width: 768px) and (max-width: 1024px) { #ut_am_wrap_69e9aa758eead { text-align: left !important; } }@media (max-width: 767px) { #ut_am_wrap_69e9aa758eead { text-align: center !important; } }<\/style><div id=\"ut_am_wrap_69e9aa758eead\" class=\"ut-image-gallery-image \"><div id=\"ut_reveal_69e9aa758eeae\"  data-appear-top-offset=\"auto\" class=\"ut-animated-image-item ut-image-gallery-item ut-animation-done \"><a class=\"ut-deactivated-link\" href=\"#\"><div class=\"ut-animated-image-zoom\"><img loading=\"lazy\" decoding=\"async\" class=\"ut-lazy skip-lazy ut-animated-image \"  id=\"ut_am_69e9aa758eeac\" src=\"data:image\/svg+xml;charset=utf-8,%3Csvg xmlns%3D'http%3A%2F%2Fwww.w3.org%2F2000%2Fsvg' viewBox%3D'0 0 867 867'%2F%3E\" data-src=\"https:\/\/alibaz.es\/wp-content\/uploads\/2020\/10\/logo-social.jpg\" width=\"867\" height=\"867\" alt=\"\"\/><\/div><\/a><\/div><\/div><\/div>[\/vc_column_inner][vc_column_inner width=&#8221;1\/2&#8243;]<div  class=\"wpb_content_element   clearfix\"><style type=\"text\/css\">#ut_am_69e9aa758f371 { opacity: 1; }#ut_am_wrap_69e9aa758f372 .ut-image-gallery-item-caption-title h3 { letter-spacing: 0em; }#ut_am_wrap_69e9aa758f372 .ut-gallery-slider-caption { font-weight: bold; }#ut_am_wrap_69e9aa758f372 { text-align: left; }@media (min-width: 768px) and (max-width: 1024px) { #ut_am_wrap_69e9aa758f372 { text-align: left !important; } }@media (max-width: 767px) { #ut_am_wrap_69e9aa758f372 { text-align: center !important; } }<\/style><div id=\"ut_am_wrap_69e9aa758f372\" class=\"ut-image-gallery-image \"><div id=\"ut_reveal_69e9aa758f373\"  data-appear-top-offset=\"auto\" class=\"ut-animated-image-item ut-image-gallery-item ut-animation-done \"><a class=\"ut-deactivated-link\" href=\"#\"><div class=\"ut-animated-image-zoom\"><img loading=\"lazy\" decoding=\"async\" class=\"ut-lazy skip-lazy ut-animated-image \"  id=\"ut_am_69e9aa758f371\" src=\"data:image\/svg+xml;charset=utf-8,%3Csvg xmlns%3D'http%3A%2F%2Fwww.w3.org%2F2000%2Fsvg' viewBox%3D'0 0 867 867'%2F%3E\" data-src=\"https:\/\/alibaz.es\/wp-content\/uploads\/2020\/10\/Alibaz_compromiso2.jpg\" width=\"867\" height=\"867\" alt=\"\"\/><\/div><\/a><\/div><\/div><\/div>[\/vc_column_inner][\/vc_row_inner][\/vc_column][\/vc_row][vc_row full_width=&#8221;stretch_row_content&#8221; full_height=&#8221;yes&#8221; equal_height=&#8221;yes&#8221; bklyn_overlay=&#8221;true&#8221; parallax=&#8221;content-moving&#8221; animate_once=&#8221;no&#8221; css=&#8221;.vc_custom_1601884103002{background: #0a0a0a url(https:\/\/alibaz.es\/wp-content\/uploads\/2020\/10\/compromiso-parallax-03.jpg?id=15243);}&#8221; bklyn_overlay_color=&#8221;rgba(0, 0, 0, 0.5)&#8221;][vc_column]<div class=\"wpb_content_element \"><style type=\"text\/css\">#ut_header_69e9aa758f83b h2.section-title, #ut_header_69e9aa758f83b h2.section-title span { color:#f1c40f; }#ut_header_69e9aa758f83b h2.section-title{ font-family: \"Roboto\";font-weight:300;font-style:normal; }#ut_header_69e9aa758f83b h2.section-title{ font-size: 30px }<\/style><header id=\"ut_header_69e9aa758f83b\" class=\"section-header  pt-style-7 header-center header-tablet-center header-mobile-center\"><h2 data-title=\"#CERTIFIEDQUALITY\"  data-responsive-font=\"section_title\" data-responsive-font-settings=\"{&quot;base-font-size&quot;:&quot;30&quot;}\" class=\"section-title  \"><span><b>#CERTIFIED<\/b>QUALITY<\/span><\/h2><\/header><\/div>[\/vc_column][\/vc_row]<\/p>\n<\/div>","protected":false},"excerpt":{"rendered":"<p>[vc_section content_placement=&#8221;middle&#8221; css=&#8221;.vc_custom_1602254727608{margin-bottom: 0px !important;border-bottom-width: 0px !important;padding-bottom: 0px !important;background-color: #151515 !important;}&#8221;][vc_row equal_height=&#8221;yes&#8221; content_placement=&#8221;middle&#8221; css=&#8221;.vc_custom_1601897569999{padding-top: 80px !important;}&#8221;][vc_column width=&#8221;2\/5&#8243;][vc_column_text] COMMITMENT TO QUALITY Quality is in every step, in every detail. Both in what you see and in what you don\u2019t see. The training and motivation of our workers and the compliance with our strict management and implementation [&hellip;]<\/p>\n","protected":false},"author":4,"featured_media":0,"parent":0,"menu_order":0,"comment_status":"closed","ping_status":"closed","template":"","meta":{"footnotes":""},"class_list":["post-12091","page","type-page","status-publish","hentry"],"_links":{"self":[{"href":"https:\/\/alibaz.es\/en\/wp-json\/wp\/v2\/pages\/12091","targetHints":{"allow":["GET"]}}],"collection":[{"href":"https:\/\/alibaz.es\/en\/wp-json\/wp\/v2\/pages"}],"about":[{"href":"https:\/\/alibaz.es\/en\/wp-json\/wp\/v2\/types\/page"}],"author":[{"embeddable":true,"href":"https:\/\/alibaz.es\/en\/wp-json\/wp\/v2\/users\/4"}],"replies":[{"embeddable":true,"href":"https:\/\/alibaz.es\/en\/wp-json\/wp\/v2\/comments?post=12091"}],"version-history":[{"count":0,"href":"https:\/\/alibaz.es\/en\/wp-json\/wp\/v2\/pages\/12091\/revisions"}],"wp:attachment":[{"href":"https:\/\/alibaz.es\/en\/wp-json\/wp\/v2\/media?parent=12091"}],"curies":[{"name":"wp","href":"https:\/\/api.w.org\/{rel}","templated":true}]}}